{"id":2301,"date":"2021-10-13T11:52:20","date_gmt":"2021-10-13T11:52:20","guid":{"rendered":"https:\/\/psycholog-online.co.uk\/?page_id=2301"},"modified":"2024-05-10T17:41:56","modified_gmt":"2024-05-10T17:41:56","slug":"test-na-depresje","status":"publish","type":"page","link":"https:\/\/psycholog-online.co.uk\/en\/test-na-depresje\/","title":{"rendered":"Depression Test"},"content":{"rendered":"<div data-elementor-type=\"wp-page\" data-elementor-id=\"2301\" class=\"elementor elementor-2301\" data-elementor-settings=\"{&quot;ha_cmc_init_switcher&quot;:&quot;no&quot;}\" data-elementor-post-type=\"page\">\n\t\t\t\t\t\t<section class=\"elementor-section elementor-top-section elementor-element elementor-element-60022726 elementor-section-boxed elementor-section-height-default elementor-section-height-default\" data-id=\"60022726\" data-element_type=\"section\" data-e-type=\"section\" data-settings=\"{&quot;_ha_eqh_enable&quot;:false}\">\n\t\t\t\t\t\t<div class=\"elementor-container elementor-column-gap-default\">\n\t\t\t\t\t<div class=\"elementor-column elementor-col-100 elementor-top-column elementor-element elementor-element-2b926a26\" data-id=\"2b926a26\" data-element_type=\"column\" data-e-type=\"column\" data-settings=\"{&quot;background_background&quot;:&quot;classic&quot;,&quot;motion_fx_motion_fx_scrolling&quot;:&quot;yes&quot;,&quot;motion_fx_translateY_effect&quot;:&quot;yes&quot;,&quot;motion_fx_translateY_direction&quot;:&quot;negative&quot;,&quot;motion_fx_translateY_speed&quot;:{&quot;unit&quot;:&quot;px&quot;,&quot;size&quot;:&quot;1.1&quot;,&quot;sizes&quot;:[]},&quot;motion_fx_devices&quot;:[&quot;desktop&quot;],&quot;motion_fx_translateY_affectedRange&quot;:{&quot;unit&quot;:&quot;%&quot;,&quot;size&quot;:&quot;&quot;,&quot;sizes&quot;:{&quot;start&quot;:0,&quot;end&quot;:100}}}\">\n\t\t\t<div class=\"elementor-widget-wrap elementor-element-populated\">\n\t\t\t\t\t\t<div class=\"elementor-element elementor-element-45447ed5 elementor-invisible elementor-widget elementor-widget-heading\" data-id=\"45447ed5\" data-element_type=\"widget\" data-e-type=\"widget\" data-settings=\"{&quot;_animation&quot;:&quot;fadeInUp&quot;}\" data-widget_type=\"heading.default\">\n\t\t\t\t<div class=\"elementor-widget-container\">\n\t\t\t\t\t<h2 class=\"elementor-heading-title elementor-size-default\">Depression test<\/h2>\t\t\t\t<\/div>\n\t\t\t\t<\/div>\n\t\t\t\t<div class=\"elementor-element elementor-element-114005e5 elementor-invisible elementor-widget elementor-widget-text-editor\" data-id=\"114005e5\" data-element_type=\"widget\" data-e-type=\"widget\" data-settings=\"{&quot;_animation&quot;:&quot;fadeIn&quot;}\" data-widget_type=\"text-editor.default\">\n\t\t\t\t<div class=\"elementor-widget-container\">\n\t\t\t\t\t\t\t\t\t<p><a href=\"https:\/\/en.wikipedia.org\/wiki\/Beck_Depression_Inventory\">BECK DEPRESSION SCALE<\/a> \u2013 it is a self-assessment scale and is used to screen for the symptoms of depression. This depression test should be treated as an adjunct tool, not a diagnostic process. Depression can only be diagnosed by a doctor. However, the test result may be a good indication of difficulties in functioning.<\/p><p>The answers should concern your well-being over the last two weeks.<\/p><p><a href=\"https:\/\/psycholog-online.co.uk\/en\/terapia-depresja\/\">Learn more about depression<\/a> and whether you can benefit from talking to a psychologist.<\/p>\t\t\t\t\t\t\t\t<\/div>\n\t\t\t\t<\/div>\n\t\t\t\t<div class=\"elementor-element elementor-element-f797f82 elementor-widget elementor-widget-text-editor\" data-id=\"f797f82\" data-element_type=\"widget\" data-e-type=\"widget\" data-widget_type=\"text-editor.default\">\n\t\t\t\t<div class=\"elementor-widget-container\">\n\t\t\t\t\t\t\t\t\t<p><script type=\"text\/javascript\" src=\"https:\/\/form.jotform.com\/jsform\/211822670136349\"><\/script><\/p>\t\t\t\t\t\t\t\t<\/div>\n\t\t\t\t<\/div>\n\t\t\t\t\t<\/div>\n\t\t<\/div>\n\t\t\t\t\t<\/div>\n\t\t<\/section>\n\t\t\t\t<\/div>","protected":false},"excerpt":{"rendered":"<p>Depression test BECK DEPRESSION SCALE - it is a self-assessment scale and is used to screen for the symptoms of depression. This depression test should be treated as an adjunct tool, not a diagnostic process. Depression can only be diagnosed by a doctor. However, the test result may be a good indication of difficulties in functioning. The answers should concern your well-being [...]<\/p>","protected":false},"author":1,"featured_media":0,"parent":0,"menu_order":0,"comment_status":"closed","ping_status":"closed","template":"","meta":{"footnotes":""},"class_list":["post-2301","page","type-page","status-publish","hentry"],"yoast_head":"<!-- This site is optimized with the Yoast SEO plugin v27.4 - https:\/\/yoast.com\/product\/yoast-seo-wordpress\/ -->\n<title>Bezp\u0142atny test na depresj\u0119: Oce\u0144 swoje zdrowie psychiczne<\/title>\n<meta name=\"description\" content=\"Mam depresje? Wykonaj nasz bezp\u0142atny test na depresj\u0119 (oparty na skali depresji BECK), aby oceni\u0107 swoje samopoczucie psychiczne\" \/>\n<meta name=\"robots\" content=\"index, follow, max-snippet:-1, max-image-preview:large, max-video-preview:-1\" \/>\n<link rel=\"canonical\" href=\"https:\/\/psycholog-online.co.uk\/en\/test-na-depresje\/\" \/>\n<meta property=\"og:locale\" content=\"en_GB\" \/>\n<meta property=\"og:type\" content=\"article\" \/>\n<meta property=\"og:title\" content=\"Bezp\u0142atny test na depresj\u0119: Oce\u0144 swoje zdrowie psychiczne\" \/>\n<meta property=\"og:description\" content=\"Mam depresje? Wykonaj nasz bezp\u0142atny test na depresj\u0119 (oparty na skali depresji BECK), aby oceni\u0107 swoje samopoczucie psychiczne\" \/>\n<meta property=\"og:url\" content=\"https:\/\/psycholog-online.co.uk\/en\/test-na-depresje\/\" \/>\n<meta property=\"og:site_name\" content=\"Psycholog Online\" \/>\n<meta property=\"article:modified_time\" content=\"2024-05-10T17:41:56+00:00\" \/>\n<meta name=\"twitter:card\" content=\"summary_large_image\" \/>\n<!-- \/ Yoast SEO plugin. -->","yoast_head_json":{"title":"Free Depression Test: Assess Your Mental Health","description":"Am I depressed? Take our free depression test (based on the BECK Depression Scale) to assess your mental well-being.","robots":{"index":"index","follow":"follow","max-snippet":"max-snippet:-1","max-image-preview":"max-image-preview:large","max-video-preview":"max-video-preview:-1"},"canonical":"https:\/\/psycholog-online.co.uk\/en\/test-na-depresje\/","og_locale":"en_GB","og_type":"article","og_title":"Bezp\u0142atny test na depresj\u0119: Oce\u0144 swoje zdrowie psychiczne","og_description":"Mam depresje? Wykonaj nasz bezp\u0142atny test na depresj\u0119 (oparty na skali depresji BECK), aby oceni\u0107 swoje samopoczucie psychiczne","og_url":"https:\/\/psycholog-online.co.uk\/en\/test-na-depresje\/","og_site_name":"Psycholog Online","article_modified_time":"2024-05-10T17:41:56+00:00","twitter_card":"summary_large_image","schema":{"@context":"https:\/\/schema.org","@graph":[{"@type":"WebPage","@id":"https:\/\/psycholog-online.co.uk\/test-na-depresje\/","url":"https:\/\/psycholog-online.co.uk\/test-na-depresje\/","name":"Free Depression Test: Assess Your Mental Health","isPartOf":{"@id":"https:\/\/psycholog-online.co.uk\/#website"},"datePublished":"2021-10-13T11:52:20+00:00","dateModified":"2024-05-10T17:41:56+00:00","description":"Am I depressed? Take our free depression test (based on the BECK Depression Scale) to assess your mental well-being.","breadcrumb":{"@id":"https:\/\/psycholog-online.co.uk\/test-na-depresje\/#breadcrumb"},"inLanguage":"en-GB","potentialAction":[{"@type":"ReadAction","target":["https:\/\/psycholog-online.co.uk\/test-na-depresje\/"]}]},{"@type":"BreadcrumbList","@id":"https:\/\/psycholog-online.co.uk\/test-na-depresje\/#breadcrumb","itemListElement":[{"@type":"ListItem","position":1,"name":"Home","item":"https:\/\/psycholog-online.co.uk\/"},{"@type":"ListItem","position":2,"name":"Test na Depresj\u0119"}]},{"@type":"WebSite","@id":"https:\/\/psycholog-online.co.uk\/#website","url":"https:\/\/psycholog-online.co.uk\/","name":"Online Psychologist","description":"An experienced Polish psychologist helping people improve their mental well-being","publisher":{"@id":"https:\/\/psycholog-online.co.uk\/#organization"},"potentialAction":[{"@type":"SearchAction","target":{"@type":"EntryPoint","urlTemplate":"https:\/\/psycholog-online.co.uk\/?s={search_term_string}"},"query-input":{"@type":"PropertyValueSpecification","valueRequired":true,"valueName":"search_term_string"}}],"inLanguage":"en-GB"},{"@type":"Organization","@id":"https:\/\/psycholog-online.co.uk\/#organization","name":"Online Psychologist","alternateName":"MW Counselling","url":"https:\/\/psycholog-online.co.uk\/","logo":{"@type":"ImageObject","inLanguage":"en-GB","@id":"https:\/\/psycholog-online.co.uk\/#\/schema\/logo\/image\/","url":"https:\/\/psycholog-online.co.uk\/wp-content\/uploads\/2021\/08\/psycholog-online-favicon.png","contentUrl":"https:\/\/psycholog-online.co.uk\/wp-content\/uploads\/2021\/08\/psycholog-online-favicon.png","width":94,"height":94,"caption":"Psycholog Online"},"image":{"@id":"https:\/\/psycholog-online.co.uk\/#\/schema\/logo\/image\/"}}]}},"publishpress_future_action":{"enabled":false,"date":"2026-04-25 09:09:41","action":"change-status","newStatus":"draft","terms":[],"taxonomy":"","extraData":[]},"publishpress_future_workflow_manual_trigger":{"enabledWorkflows":[]},"_links":{"self":[{"href":"https:\/\/psycholog-online.co.uk\/en\/wp-json\/wp\/v2\/pages\/2301","targetHints":{"allow":["GET"]}}],"collection":[{"href":"https:\/\/psycholog-online.co.uk\/en\/wp-json\/wp\/v2\/pages"}],"about":[{"href":"https:\/\/psycholog-online.co.uk\/en\/wp-json\/wp\/v2\/types\/page"}],"author":[{"embeddable":true,"href":"https:\/\/psycholog-online.co.uk\/en\/wp-json\/wp\/v2\/users\/1"}],"replies":[{"embeddable":true,"href":"https:\/\/psycholog-online.co.uk\/en\/wp-json\/wp\/v2\/comments?post=2301"}],"version-history":[{"count":43,"href":"https:\/\/psycholog-online.co.uk\/en\/wp-json\/wp\/v2\/pages\/2301\/revisions"}],"predecessor-version":[{"id":5593,"href":"https:\/\/psycholog-online.co.uk\/en\/wp-json\/wp\/v2\/pages\/2301\/revisions\/5593"}],"wp:attachment":[{"href":"https:\/\/psycholog-online.co.uk\/en\/wp-json\/wp\/v2\/media?parent=2301"}],"curies":[{"name":"wp","href":"https:\/\/api.w.org\/{rel}","templated":true}]}}