{"id":2541,"date":"2021-11-08T11:54:59","date_gmt":"2021-11-08T11:54:59","guid":{"rendered":"https:\/\/psycholog-online.co.uk\/?page_id=2541"},"modified":"2026-03-23T20:55:40","modified_gmt":"2026-03-23T20:55:40","slug":"cennik","status":"publish","type":"page","link":"https:\/\/psycholog-online.co.uk\/en\/cennik\/","title":{"rendered":"Prices"},"content":{"rendered":"<div data-elementor-type=\"wp-page\" data-elementor-id=\"2541\" class=\"elementor elementor-2541\" data-elementor-settings=\"{&quot;ha_cmc_init_switcher&quot;:&quot;no&quot;}\" data-elementor-post-type=\"page\">\n\t\t\t\t\t\t<section class=\"elementor-section elementor-top-section elementor-element elementor-element-78f637f6 elementor-section-full_width elementor-section-height-min-height elementor-section-items-stretch elementor-section-content-middle elementor-reverse-mobile elementor-reverse-tablet elementor-section-height-default\" data-id=\"78f637f6\" data-element_type=\"section\" data-e-type=\"section\" data-settings=\"{&quot;_ha_eqh_enable&quot;:false}\">\n\t\t\t\t\t\t<div class=\"elementor-container elementor-column-gap-no\">\n\t\t\t\t\t<div class=\"elementor-column elementor-col-50 elementor-top-column elementor-element elementor-element-390a065e\" data-id=\"390a065e\" data-element_type=\"column\" data-e-type=\"column\">\n\t\t\t<div class=\"elementor-widget-wrap elementor-element-populated\">\n\t\t\t\t\t\t<div class=\"elementor-element elementor-element-724d6262 animated-fast elementor-invisible elementor-widget elementor-widget-heading\" data-id=\"724d6262\" data-element_type=\"widget\" data-e-type=\"widget\" data-settings=\"{&quot;_animation&quot;:&quot;fadeIn&quot;}\" data-widget_type=\"heading.default\">\n\t\t\t\t<div class=\"elementor-widget-container\">\n\t\t\t\t\t<h1 class=\"elementor-heading-title elementor-size-default\">Session fees<\/h1>\t\t\t\t<\/div>\n\t\t\t\t<\/div>\n\t\t\t\t<section data-pa-eq-height=\"{&quot;targetType&quot;:&quot;custom&quot;,&quot;target&quot;:[&quot;.prices&quot;],&quot;trigger&quot;:&quot;load&quot;,&quot;enableOn&quot;:[&quot;desktop&quot;,&quot;tablet&quot;,&quot;mobile&quot;]}\" class=\"elementor-section elementor-inner-section elementor-element elementor-element-1c1ac48d elementor-section-height-min-height elementor-section-content-top premium-equal-height-yes elementor-section-full_width elementor-section-height-default\" data-id=\"1c1ac48d\" data-element_type=\"section\" data-e-type=\"section\" data-settings=\"{&quot;background_background&quot;:&quot;classic&quot;,&quot;motion_fx_motion_fx_scrolling&quot;:&quot;yes&quot;,&quot;motion_fx_translateY_effect&quot;:&quot;yes&quot;,&quot;motion_fx_translateY_speed&quot;:{&quot;unit&quot;:&quot;px&quot;,&quot;size&quot;:&quot;2&quot;,&quot;sizes&quot;:[]},&quot;motion_fx_devices&quot;:[&quot;desktop&quot;],&quot;premium_eq_height_switcher&quot;:&quot;yes&quot;,&quot;_ha_eqh_enable&quot;:false,&quot;motion_fx_translateY_affectedRange&quot;:{&quot;unit&quot;:&quot;%&quot;,&quot;size&quot;:&quot;&quot;,&quot;sizes&quot;:{&quot;start&quot;:0,&quot;end&quot;:100}}}\">\n\t\t\t\t\t\t<div class=\"elementor-container elementor-column-gap-no\">\n\t\t\t\t\t<div class=\"elementor-column elementor-col-50 elementor-inner-column elementor-element elementor-element-59a73bb2\" data-id=\"59a73bb2\" data-element_type=\"column\" data-e-type=\"column\" data-settings=\"{&quot;background_background&quot;:&quot;classic&quot;}\">\n\t\t\t<div class=\"elementor-widget-wrap elementor-element-populated\">\n\t\t\t\t\t\t<div class=\"elementor-element elementor-element-71e4819c prices elementor-invisible elementor-widget elementor-widget-text-editor\" data-id=\"71e4819c\" data-element_type=\"widget\" data-e-type=\"widget\" data-settings=\"{&quot;_animation&quot;:&quot;fadeIn&quot;}\" data-widget_type=\"text-editor.default\">\n\t\t\t\t<div class=\"elementor-widget-container\">\n\t\t\t\t\t\t\t\t\t<p style=\"text-align: center;\"><span style=\"background-color: #ffffff; color: #cc5200; text-align: center;\"><b>Online<\/b><\/span><\/p><p style=\"text-align: center;\"><strong>Online consultation via Google Meet<\/strong><\/p><p style=\"text-align: center;\"><strong>First consultation<\/strong><\/p><p style=\"text-align: center;\"><strong style=\"font-size: 18pt;\">\u00a350 \u00a3<span style=\"text-decoration: line-through;\">60<\/span><\/strong><\/p><p style=\"text-align: center;\"><strong>Ongoing consultations<\/strong><\/p><p style=\"text-align: center;\"><span style=\"font-size: 24px; font-weight: bolder;\">\u00a3<\/span><span style=\"font-weight: bolder; font-size: 24px;\">60<\/span><span style=\"font-size: 18pt;\"><strong><br \/><\/strong><\/span><\/p>\t\t\t\t\t\t\t\t<\/div>\n\t\t\t\t<\/div>\n\t\t\t\t<div class=\"elementor-element elementor-element-4833c4d elementor-align-center elementor-tablet-align-center elementor-invisible elementor-widget elementor-widget-button\" data-id=\"4833c4d\" data-element_type=\"widget\" data-e-type=\"widget\" data-settings=\"{&quot;_animation&quot;:&quot;fadeIn&quot;,&quot;_animation_delay&quot;:200}\" data-widget_type=\"button.default\">\n\t\t\t\t<div class=\"elementor-widget-container\">\n\t\t\t\t\t\t\t\t\t<div class=\"elementor-button-wrapper\">\n\t\t\t\t\t<a class=\"elementor-button elementor-button-link elementor-size-sm\" href=\"https:\/\/psycholog-online.co.uk\/en\/rezerwacja-online\/#form\">\n\t\t\t\t\t\t<span class=\"elementor-button-content-wrapper\">\n\t\t\t\t\t\t<span class=\"elementor-button-icon\">\n\t\t\t\t<i aria-hidden=\"true\" class=\"fas fa-laptop\"><\/i>\t\t\t<\/span>\n\t\t\t\t\t\t\t\t\t<span class=\"elementor-button-text\">Book consultation<\/span>\n\t\t\t\t\t<\/span>\n\t\t\t\t\t<\/a>\n\t\t\t\t<\/div>\n\t\t\t\t\t\t\t\t<\/div>\n\t\t\t\t<\/div>\n\t\t\t\t\t<\/div>\n\t\t<\/div>\n\t\t\t\t<div class=\"elementor-column elementor-col-50 elementor-inner-column elementor-element elementor-element-79756ee3\" data-id=\"79756ee3\" data-element_type=\"column\" data-e-type=\"column\" data-settings=\"{&quot;background_background&quot;:&quot;classic&quot;}\">\n\t\t\t<div class=\"elementor-widget-wrap elementor-element-populated\">\n\t\t\t\t\t\t<div class=\"elementor-element elementor-element-6a642d65 prices elementor-invisible elementor-widget elementor-widget-text-editor\" data-id=\"6a642d65\" data-element_type=\"widget\" data-e-type=\"widget\" data-settings=\"{&quot;_animation&quot;:&quot;fadeIn&quot;}\" data-widget_type=\"text-editor.default\">\n\t\t\t\t<div class=\"elementor-widget-container\">\n\t\t\t\t\t\t\t\t\t<p style=\"text-align: center;\"><span style=\"background-color: #ffffff; color: #cc5200; text-align: center;\"><b>Personally<\/b><\/span><\/p><p style=\"text-align: center;\">In-person consultation at my psychologist's office in <a href=\"https:\/\/www.google.com\/maps\/place\/Psycholog+Online+UK\/@51.3833659,-0.8538494,17z\/data=!3m1!4b1!4m6!3m5!1s0x63bc9b4edca0c045:0xbf77649a7322bb2a!8m2!3d51.3833626!4d-0.8512745!16s%2Fg%2F11rj55dwl_\" target=\"_blank\" rel=\"noopener\">Finchampstead, Wokingham<\/a><\/p><p style=\"text-align: center;\"><strong>First consultation<\/strong><\/p><p style=\"text-align: center;\"><strong style=\"font-size: 18pt;\">\u00a350 \u00a3<del>60<\/del><\/strong><\/p><p style=\"text-align: center;\"><strong>Ongoing consultations<\/strong><\/p><p style=\"text-align: center;\"><span style=\"font-size: 24px; font-weight: bolder;\">\u00a3<\/span><span style=\"font-weight: bolder; font-size: 24px;\">60<\/span><\/p>\t\t\t\t\t\t\t\t<\/div>\n\t\t\t\t<\/div>\n\t\t\t\t<div class=\"elementor-element elementor-element-b3b240f elementor-align-center elementor-invisible elementor-widget elementor-widget-button\" data-id=\"b3b240f\" data-element_type=\"widget\" data-e-type=\"widget\" data-settings=\"{&quot;_animation&quot;:&quot;fadeIn&quot;,&quot;_animation_delay&quot;:200}\" data-widget_type=\"button.default\">\n\t\t\t\t<div class=\"elementor-widget-container\">\n\t\t\t\t\t\t\t\t\t<div class=\"elementor-button-wrapper\">\n\t\t\t\t\t<a class=\"elementor-button elementor-button-link elementor-size-sm\" href=\"https:\/\/psycholog-online.co.uk\/en\/rezerwacja-online\/#form\">\n\t\t\t\t\t\t<span class=\"elementor-button-content-wrapper\">\n\t\t\t\t\t\t<span class=\"elementor-button-icon\">\n\t\t\t\t<i aria-hidden=\"true\" class=\"fas fa-walking\"><\/i>\t\t\t<\/span>\n\t\t\t\t\t\t\t\t\t<span class=\"elementor-button-text\">Book consultation<\/span>\n\t\t\t\t\t<\/span>\n\t\t\t\t\t<\/a>\n\t\t\t\t<\/div>\n\t\t\t\t\t\t\t\t<\/div>\n\t\t\t\t<\/div>\n\t\t\t\t\t<\/div>\n\t\t<\/div>\n\t\t\t\t\t<\/div>\n\t\t<\/section>\n\t\t\t\t<div class=\"elementor-element elementor-element-6d812b6 eael-dual-header-content-align-center elementor-widget elementor-widget-global elementor-global-2406 elementor-widget-eael-dual-color-header\" data-id=\"6d812b6\" data-element_type=\"widget\" data-e-type=\"widget\" data-widget_type=\"eael-dual-color-header.default\">\n\t\t\t\t<div class=\"elementor-widget-container\">\n\t\t\t\t\t\t\t\t<div class=\"eael-dual-header\">\n\t\t\t\t<h2 class=\"title eael-dch-title\"><span class=\"eael-dch-title-text eael-dch-title-lead lead solid-color\">new offer for customers:<\/span> <span class=\"eael-dch-title-text\">first consultation \u00a350<\/span><\/h2><div class=\"eael-dch-separator-wrap\"><span class=\"separator-one\"><\/span>\n\t\t\t<span class=\"separator-two\"><\/span><\/div>\t\t\t\t\t<span class=\"subtext\"><p>Enter &#039;FIRST&#039; when booking to receive a \u00a310 discount on your first consultation<\/p><\/span>\n\t\t\t\t\t\t\t<\/div>\n\n\t\t\t\t\t\t<\/div>\n\t\t\t\t<\/div>\n\t\t\t\t\t<\/div>\n\t\t<\/div>\n\t\t\t\t<div class=\"elementor-column elementor-col-50 elementor-top-column elementor-element elementor-element-1a9d8576\" data-id=\"1a9d8576\" data-element_type=\"column\" data-e-type=\"column\" data-settings=\"{&quot;background_background&quot;:&quot;classic&quot;}\">\n\t\t\t<div class=\"elementor-widget-wrap elementor-element-populated\">\n\t\t\t\t\t\t<div class=\"elementor-element elementor-element-5db1e99a elementor-widget elementor-widget-spacer\" data-id=\"5db1e99a\" data-element_type=\"widget\" data-e-type=\"widget\" data-widget_type=\"spacer.default\">\n\t\t\t\t<div class=\"elementor-widget-container\">\n\t\t\t\t\t\t\t<div class=\"elementor-spacer\">\n\t\t\t<div class=\"elementor-spacer-inner\"><\/div>\n\t\t<\/div>\n\t\t\t\t\t\t<\/div>\n\t\t\t\t<\/div>\n\t\t\t\t\t<\/div>\n\t\t<\/div>\n\t\t\t\t\t<\/div>\n\t\t<\/section>\n\t\t\t\t<section class=\"elementor-section elementor-top-section elementor-element elementor-element-68b538da elementor-section-full_width elementor-section-content-top elementor-section-height-default elementor-section-height-default\" data-id=\"68b538da\" data-element_type=\"section\" data-e-type=\"section\" id=\"moreinfo\" data-settings=\"{&quot;_ha_eqh_enable&quot;:false}\">\n\t\t\t\t\t\t<div class=\"elementor-container elementor-column-gap-no\">\n\t\t\t\t\t<div class=\"elementor-column elementor-col-50 elementor-top-column elementor-element elementor-element-6bb00bff elementor-invisible\" data-id=\"6bb00bff\" data-element_type=\"column\" data-e-type=\"column\" data-settings=\"{&quot;background_background&quot;:&quot;classic&quot;,&quot;animation&quot;:&quot;fadeIn&quot;,&quot;animation_mobile&quot;:&quot;none&quot;}\">\n\t\t\t<div class=\"elementor-widget-wrap elementor-element-populated\">\n\t\t\t\t\t\t<div class=\"elementor-element elementor-element-6d78e3a6 elementor-widget elementor-widget-heading\" data-id=\"6d78e3a6\" data-element_type=\"widget\" data-e-type=\"widget\" data-widget_type=\"heading.default\">\n\t\t\t\t<div class=\"elementor-widget-container\">\n\t\t\t\t\t<h3 class=\"elementor-heading-title elementor-size-default\">Payment rules<\/h3>\t\t\t\t<\/div>\n\t\t\t\t<\/div>\n\t\t\t\t<div class=\"elementor-element elementor-element-1479d205 elementor-invisible elementor-widget elementor-widget-text-editor\" data-id=\"1479d205\" data-element_type=\"widget\" data-e-type=\"widget\" data-settings=\"{&quot;_animation&quot;:&quot;fadeIn&quot;}\" data-widget_type=\"text-editor.default\">\n\t\t\t\t<div class=\"elementor-widget-container\">\n\t\t\t\t\t\t\t\t\t<p>The duration of one meeting is approximately 50 minutes. The customer is obliged to pay the fee <strong>before the session <\/strong>by making a payment via <strong>PayPal<\/strong><strong>. <\/strong>Payments should be made no later than 24 hours before the meeting. If the payment is made later than 24 hours before the meeting, then there is an obligation to send an email with proof of payment in the form of a screenshot or confirmation of payment of the transaction at the beginning of the session.<\/p>\t\t\t\t\t\t\t\t<\/div>\n\t\t\t\t<\/div>\n\t\t\t\t<div class=\"elementor-element elementor-element-2fb3dbbd elementor-widget elementor-widget-heading\" data-id=\"2fb3dbbd\" data-element_type=\"widget\" data-e-type=\"widget\" data-widget_type=\"heading.default\">\n\t\t\t\t<div class=\"elementor-widget-container\">\n\t\t\t\t\t<h3 class=\"elementor-heading-title elementor-size-default\">Consultation fees<\/h3>\t\t\t\t<\/div>\n\t\t\t\t<\/div>\n\t\t\t\t<div class=\"elementor-element elementor-element-4328625f elementor-invisible elementor-widget elementor-widget-text-editor\" data-id=\"4328625f\" data-element_type=\"widget\" data-e-type=\"widget\" data-settings=\"{&quot;_animation&quot;:&quot;fadeIn&quot;}\" data-widget_type=\"text-editor.default\">\n\t\t\t\t<div class=\"elementor-widget-container\">\n\t\t\t\t\t\t\t\t\t<p><span style=\"color: #cc5200; text-align: center;\">Special offer for new customers. First consultation half price\u00a0<\/span><\/p><p>I perfectly understand that sometimes it is difficult to decide to start therapy, so to make this process as easy as possible, I offer a first trial consultation at a reduced price. Thanks to this, you will have the opportunity to find out whether this form of help is for you and whether I am the person you want to work with.<\/p><p>After using the discount, each subsequent consultation is subject to the full fee.<\/p><p>Online and in-person sessions in <a href=\"https:\/\/www.google.com\/maps\/place\/Psycholog+Online+UK\/@51.3833659,-0.8538494,17z\/data=!3m1!4b1!4m6!3m5!1s0x63bc9b4edca0c045:0xbf77649a7322bb2a!8m2!3d51.3833626!4d-0.8512745!16s%2Fg%2F11rj55dwl_\" target=\"_blank\" rel=\"noopener\">Finchampstead, Wokingham<\/a> is \u00a360.<\/p>\t\t\t\t\t\t\t\t<\/div>\n\t\t\t\t<\/div>\n\t\t\t\t\t<\/div>\n\t\t<\/div>\n\t\t\t\t<div class=\"elementor-column elementor-col-50 elementor-top-column elementor-element elementor-element-fc89023 elementor-invisible\" data-id=\"fc89023\" data-element_type=\"column\" data-e-type=\"column\" data-settings=\"{&quot;background_background&quot;:&quot;classic&quot;,&quot;animation&quot;:&quot;fadeIn&quot;,&quot;animation_delay&quot;:&quot;200&quot;,&quot;animation_mobile&quot;:&quot;none&quot;}\">\n\t\t\t<div class=\"elementor-widget-wrap elementor-element-populated\">\n\t\t\t\t\t\t<div class=\"elementor-element elementor-element-571c7e1b elementor-widget elementor-widget-heading\" data-id=\"571c7e1b\" data-element_type=\"widget\" data-e-type=\"widget\" data-widget_type=\"heading.default\">\n\t\t\t\t<div class=\"elementor-widget-container\">\n\t\t\t\t\t<h3 class=\"elementor-heading-title elementor-size-default\">Cancellation of the session<\/h3>\t\t\t\t<\/div>\n\t\t\t\t<\/div>\n\t\t\t\t<div class=\"elementor-element elementor-element-50158a5e elementor-invisible elementor-widget elementor-widget-text-editor\" data-id=\"50158a5e\" data-element_type=\"widget\" data-e-type=\"widget\" data-settings=\"{&quot;_animation&quot;:&quot;fadeIn&quot;}\" data-widget_type=\"text-editor.default\">\n\t\t\t\t<div class=\"elementor-widget-container\">\n\t\t\t\t\t\t\t\t\t<p>Each person has the right to cancel a session no later than 24 hours in advance. Each session is subject to a fee, including unattended sessions if they are not canceled in good time, i.e. at least 24 hours before the session.<\/p><p>Sessions that did not take place due to the psychologist&#039;s absence or illness are not subject to payment.<\/p>\t\t\t\t\t\t\t\t<\/div>\n\t\t\t\t<\/div>\n\t\t\t\t<div class=\"elementor-element elementor-element-07a854e elementor-widget elementor-widget-heading\" data-id=\"07a854e\" data-element_type=\"widget\" data-e-type=\"widget\" data-widget_type=\"heading.default\">\n\t\t\t\t<div class=\"elementor-widget-container\">\n\t\t\t\t\t<h3 class=\"elementor-heading-title elementor-size-default\">In-Person consultations<\/h3>\t\t\t\t<\/div>\n\t\t\t\t<\/div>\n\t\t\t\t<div class=\"elementor-element elementor-element-a46fa8e elementor-invisible elementor-widget elementor-widget-text-editor\" data-id=\"a46fa8e\" data-element_type=\"widget\" data-e-type=\"widget\" data-settings=\"{&quot;_animation&quot;:&quot;fadeIn&quot;}\" data-widget_type=\"text-editor.default\">\n\t\t\t\t<div class=\"elementor-widget-container\">\n\t\t\t\t\t\t\t\t\t<p>Stationary consultations take place at the practice in Finchampstead, near Reading, Berkshire (<a href=\"https:\/\/www.google.com\/maps\/place\/Psycholog+Online+UK\/@51.3833659,-0.8538494,17z\/data=!3m1!4b1!4m6!3m5!1s0x63bc9b4edca0c045:0xbf77649a7322bb2a!8m2!3d51.3833626!4d-0.8512745!16s%2Fg%2F11rj55dwl_\">directions<\/a>). It is possible to park your car for free near the office.<\/p><p>It is a good idea to arrive for the consultation about 5 minutes before the session starts, as this will help you avoid the stress of possibly being late for the session. Sessions start promptly at the scheduled time and cannot be extended.\u00a0<\/p><p>Do not arrive for the session too early, as it is not possible to start the session earlier than the scheduled time - it is possible that another patient is using the psychologist&#039;s services.<\/p>\t\t\t\t\t\t\t\t<\/div>\n\t\t\t\t<\/div>\n\t\t\t\t\t<\/div>\n\t\t<\/div>\n\t\t\t\t\t<\/div>\n\t\t<\/section>\n\t\t\t\t<\/div>","protected":false},"excerpt":{"rendered":"<p>Op\u0142aty za sesje Online Konsultacja online poprzez komunikator google meet Pierwsza konsultacja online \u00a350 \u00a360 Kolejne konsultacje \u00a360 Zarezerwuj nowy termin Osobi\u015bcie Konsultacja stacjonarna w gabinecie psychologicznym w Finchampstead, Wokingham Pierwsza konsultacja \u00a350 \u00a360 Kolejne konsultacje \u00a360 Zarezerwuj nowy termin nowa oferta dla klient\u00f3w: pierwsza konsultacja \u00a350 Wpisz &#8216;PIERWSZA&#8217; podczas rezerwacji, aby otrzyma\u0107 zni\u017ck\u0119 \u00a310 [&hellip;]<\/p>","protected":false},"author":1,"featured_media":690,"parent":0,"menu_order":0,"comment_status":"closed","ping_status":"closed","template":"","meta":{"footnotes":""},"class_list":["post-2541","page","type-page","status-publish","has-post-thumbnail","hentry"],"yoast_head":"<!-- This site is optimized with the Yoast SEO plugin v27.4 - https:\/\/yoast.com\/product\/yoast-seo-wordpress\/ -->\n<title>Polski psycholog w Berkshire i online cennik - Psycholog Online<\/title>\n<meta name=\"description\" content=\"Oferuj\u0119 konsultacje zar\u00f3wno online jak i osobi\u015bcie w gabinecie. Pierwsza konsultacja online z psychologiem w specjalnej, ni\u017cszej cenie.\" \/>\n<meta name=\"robots\" content=\"index, follow, max-snippet:-1, max-image-preview:large, max-video-preview:-1\" \/>\n<link rel=\"canonical\" href=\"https:\/\/psycholog-online.co.uk\/en\/cennik\/\" \/>\n<meta property=\"og:locale\" content=\"en_GB\" \/>\n<meta property=\"og:type\" content=\"article\" \/>\n<meta property=\"og:title\" content=\"Polski psycholog w Berkshire i online cennik - Psycholog Online\" \/>\n<meta property=\"og:description\" content=\"Oferuj\u0119 konsultacje zar\u00f3wno online jak i osobi\u015bcie w gabinecie. Pierwsza konsultacja online z psychologiem w specjalnej, ni\u017cszej cenie.\" \/>\n<meta property=\"og:url\" content=\"https:\/\/psycholog-online.co.uk\/en\/cennik\/\" \/>\n<meta property=\"og:site_name\" content=\"Psycholog Online\" \/>\n<meta property=\"article:modified_time\" content=\"2026-03-23T20:55:40+00:00\" \/>\n<meta property=\"og:image\" content=\"https:\/\/psycholog-online.co.uk\/wp-content\/uploads\/2021\/07\/monika-psycholog-online-portrait-1.jpg\" \/>\n\t<meta property=\"og:image:width\" content=\"958\" \/>\n\t<meta property=\"og:image:height\" content=\"856\" \/>\n\t<meta property=\"og:image:type\" content=\"image\/jpeg\" \/>\n<meta name=\"twitter:card\" content=\"summary_large_image\" \/>\n<!-- \/ Yoast SEO plugin. -->","yoast_head_json":{"title":"Polish psychologist in Berkshire and online price list - Psychologist Online","description":"I offer consultations both online and in person. The first online consultation with a psychologist is available at a special, discounted price.","robots":{"index":"index","follow":"follow","max-snippet":"max-snippet:-1","max-image-preview":"max-image-preview:large","max-video-preview":"max-video-preview:-1"},"canonical":"https:\/\/psycholog-online.co.uk\/en\/cennik\/","og_locale":"en_GB","og_type":"article","og_title":"Polski psycholog w Berkshire i online cennik - Psycholog Online","og_description":"Oferuj\u0119 konsultacje zar\u00f3wno online jak i osobi\u015bcie w gabinecie. Pierwsza konsultacja online z psychologiem w specjalnej, ni\u017cszej cenie.","og_url":"https:\/\/psycholog-online.co.uk\/en\/cennik\/","og_site_name":"Psycholog Online","article_modified_time":"2026-03-23T20:55:40+00:00","og_image":[{"width":958,"height":856,"url":"https:\/\/psycholog-online.co.uk\/wp-content\/uploads\/2021\/07\/monika-psycholog-online-portrait-1.jpg","type":"image\/jpeg"}],"twitter_card":"summary_large_image","schema":{"@context":"https:\/\/schema.org","@graph":[{"@type":"WebPage","@id":"https:\/\/psycholog-online.co.uk\/cennik\/","url":"https:\/\/psycholog-online.co.uk\/cennik\/","name":"Polish psychologist in Berkshire and online price list - Psychologist Online","isPartOf":{"@id":"https:\/\/psycholog-online.co.uk\/#website"},"primaryImageOfPage":{"@id":"https:\/\/psycholog-online.co.uk\/cennik\/#primaryimage"},"image":{"@id":"https:\/\/psycholog-online.co.uk\/cennik\/#primaryimage"},"thumbnailUrl":"https:\/\/psycholog-online.co.uk\/wp-content\/uploads\/2021\/07\/monika-psycholog-online-portrait-1.jpg","datePublished":"2021-11-08T11:54:59+00:00","dateModified":"2026-03-23T20:55:40+00:00","description":"I offer consultations both online and in person. The first online consultation with a psychologist is available at a special, discounted price.","breadcrumb":{"@id":"https:\/\/psycholog-online.co.uk\/cennik\/#breadcrumb"},"inLanguage":"en-GB","potentialAction":[{"@type":"ReadAction","target":["https:\/\/psycholog-online.co.uk\/cennik\/"]}]},{"@type":"ImageObject","inLanguage":"en-GB","@id":"https:\/\/psycholog-online.co.uk\/cennik\/#primaryimage","url":"https:\/\/psycholog-online.co.uk\/wp-content\/uploads\/2021\/07\/monika-psycholog-online-portrait-1.jpg","contentUrl":"https:\/\/psycholog-online.co.uk\/wp-content\/uploads\/2021\/07\/monika-psycholog-online-portrait-1.jpg","width":958,"height":856,"caption":"Polski Psycholog w Berkshire i Online | MW Counselling"},{"@type":"BreadcrumbList","@id":"https:\/\/psycholog-online.co.uk\/cennik\/#breadcrumb","itemListElement":[{"@type":"ListItem","position":1,"name":"Home","item":"https:\/\/psycholog-online.co.uk\/"},{"@type":"ListItem","position":2,"name":"Cennik"}]},{"@type":"WebSite","@id":"https:\/\/psycholog-online.co.uk\/#website","url":"https:\/\/psycholog-online.co.uk\/","name":"Online Psychologist","description":"An experienced Polish psychologist helping people improve their mental well-being","publisher":{"@id":"https:\/\/psycholog-online.co.uk\/#organization"},"potentialAction":[{"@type":"SearchAction","target":{"@type":"EntryPoint","urlTemplate":"https:\/\/psycholog-online.co.uk\/?s={search_term_string}"},"query-input":{"@type":"PropertyValueSpecification","valueRequired":true,"valueName":"search_term_string"}}],"inLanguage":"en-GB"},{"@type":"Organization","@id":"https:\/\/psycholog-online.co.uk\/#organization","name":"Online Psychologist","alternateName":"MW Counselling","url":"https:\/\/psycholog-online.co.uk\/","logo":{"@type":"ImageObject","inLanguage":"en-GB","@id":"https:\/\/psycholog-online.co.uk\/#\/schema\/logo\/image\/","url":"https:\/\/psycholog-online.co.uk\/wp-content\/uploads\/2021\/08\/psycholog-online-favicon.png","contentUrl":"https:\/\/psycholog-online.co.uk\/wp-content\/uploads\/2021\/08\/psycholog-online-favicon.png","width":94,"height":94,"caption":"Psycholog Online"},"image":{"@id":"https:\/\/psycholog-online.co.uk\/#\/schema\/logo\/image\/"}}]}},"publishpress_future_action":{"enabled":false,"date":"2026-04-21 23:02:26","action":"change-status","newStatus":"draft","terms":[],"taxonomy":"","extraData":[]},"publishpress_future_workflow_manual_trigger":{"enabledWorkflows":[]},"_links":{"self":[{"href":"https:\/\/psycholog-online.co.uk\/en\/wp-json\/wp\/v2\/pages\/2541","targetHints":{"allow":["GET"]}}],"collection":[{"href":"https:\/\/psycholog-online.co.uk\/en\/wp-json\/wp\/v2\/pages"}],"about":[{"href":"https:\/\/psycholog-online.co.uk\/en\/wp-json\/wp\/v2\/types\/page"}],"author":[{"embeddable":true,"href":"https:\/\/psycholog-online.co.uk\/en\/wp-json\/wp\/v2\/users\/1"}],"replies":[{"embeddable":true,"href":"https:\/\/psycholog-online.co.uk\/en\/wp-json\/wp\/v2\/comments?post=2541"}],"version-history":[{"count":94,"href":"https:\/\/psycholog-online.co.uk\/en\/wp-json\/wp\/v2\/pages\/2541\/revisions"}],"predecessor-version":[{"id":6200,"href":"https:\/\/psycholog-online.co.uk\/en\/wp-json\/wp\/v2\/pages\/2541\/revisions\/6200"}],"wp:featuredmedia":[{"embeddable":true,"href":"https:\/\/psycholog-online.co.uk\/en\/wp-json\/wp\/v2\/media\/690"}],"wp:attachment":[{"href":"https:\/\/psycholog-online.co.uk\/en\/wp-json\/wp\/v2\/media?parent=2541"}],"curies":[{"name":"wp","href":"https:\/\/api.w.org\/{rel}","templated":true}]}}