{"id":3070,"date":"2022-07-01T21:35:04","date_gmt":"2022-07-01T21:35:04","guid":{"rendered":"https:\/\/psycholog-online.co.uk\/?page_id=3070"},"modified":"2025-07-20T09:41:12","modified_gmt":"2025-07-20T09:41:12","slug":"warsztat-zarezerwowany","status":"publish","type":"page","link":"https:\/\/psycholog-online.co.uk\/en\/warsztat-zarezerwowany\/","title":{"rendered":"Workshop Booking Completed"},"content":{"rendered":"<div data-elementor-type=\"wp-page\" data-elementor-id=\"3070\" class=\"elementor elementor-3070\" data-elementor-settings=\"{&quot;ha_cmc_init_switcher&quot;:&quot;no&quot;}\" data-elementor-post-type=\"page\">\n\t\t\t\t\t\t<section class=\"elementor-section elementor-top-section elementor-element elementor-element-4a81cfe3 elementor-section-full_width elementor-section-height-min-height elementor-section-items-stretch elementor-section-content-middle elementor-section-height-default\" data-id=\"4a81cfe3\" data-element_type=\"section\" data-e-type=\"section\" data-settings=\"{&quot;_ha_eqh_enable&quot;:false}\">\n\t\t\t\t\t\t<div class=\"elementor-container elementor-column-gap-default\">\n\t\t\t\t\t<div class=\"elementor-column elementor-col-50 elementor-top-column elementor-element elementor-element-6ef4f974\" data-id=\"6ef4f974\" data-element_type=\"column\" data-e-type=\"column\" data-settings=\"{&quot;background_background&quot;:&quot;slideshow&quot;,&quot;background_slideshow_gallery&quot;:[{&quot;id&quot;:3038,&quot;url&quot;:&quot;https:\\\/\\\/psycholog-online.co.uk\\\/wp-content\\\/uploads\\\/2022\\\/06\\\/d2e04e720438082819109ddeb5512240.jpg&quot;},{&quot;id&quot;:2955,&quot;url&quot;:&quot;https:\\\/\\\/psycholog-online.co.uk\\\/wp-content\\\/uploads\\\/2022\\\/02\\\/IMG-20220129-WA0003_4-1-e1645012941938.jpg&quot;},{&quot;id&quot;:648,&quot;url&quot;:&quot;https:\\\/\\\/psycholog-online.co.uk\\\/wp-content\\\/uploads\\\/2021\\\/07\\\/IMG_20200510_150323-scaled.jpg&quot;}],&quot;background_slideshow_loop&quot;:&quot;yes&quot;,&quot;background_slideshow_slide_duration&quot;:5000,&quot;background_slideshow_slide_transition&quot;:&quot;fade&quot;,&quot;background_slideshow_transition_duration&quot;:500}\">\n\t\t\t<div class=\"elementor-widget-wrap elementor-element-populated\">\n\t\t\t\t\t\t<div class=\"elementor-element elementor-element-7f365827 elementor-widget elementor-widget-spacer\" data-id=\"7f365827\" data-element_type=\"widget\" data-e-type=\"widget\" data-widget_type=\"spacer.default\">\n\t\t\t\t<div class=\"elementor-widget-container\">\n\t\t\t\t\t\t\t<div class=\"elementor-spacer\">\n\t\t\t<div class=\"elementor-spacer-inner\"><\/div>\n\t\t<\/div>\n\t\t\t\t\t\t<\/div>\n\t\t\t\t<\/div>\n\t\t\t\t\t<\/div>\n\t\t<\/div>\n\t\t\t\t<div class=\"elementor-column elementor-col-50 elementor-top-column elementor-element elementor-element-78e63a\" data-id=\"78e63a\" data-element_type=\"column\" data-e-type=\"column\" data-settings=\"{&quot;background_background&quot;:&quot;classic&quot;}\">\n\t\t\t<div class=\"elementor-widget-wrap elementor-element-populated\">\n\t\t\t\t\t\t<div class=\"elementor-element elementor-element-c71026b elementor-align-center elementor-widget elementor-widget-lottie\" data-id=\"c71026b\" data-element_type=\"widget\" data-e-type=\"widget\" data-settings=\"{&quot;source_json&quot;:{&quot;url&quot;:&quot;https:\\\/\\\/psycholog-online.co.uk\\\/wp-content\\\/uploads\\\/2021\\\/08\\\/46690-calendar-booking.json&quot;,&quot;id&quot;:1630,&quot;size&quot;:&quot;&quot;,&quot;alt&quot;:&quot;&quot;,&quot;source&quot;:&quot;library&quot;},&quot;loop&quot;:&quot;yes&quot;,&quot;source&quot;:&quot;media_file&quot;,&quot;caption_source&quot;:&quot;none&quot;,&quot;link_to&quot;:&quot;none&quot;,&quot;trigger&quot;:&quot;arriving_to_viewport&quot;,&quot;viewport&quot;:{&quot;unit&quot;:&quot;%&quot;,&quot;size&quot;:&quot;&quot;,&quot;sizes&quot;:{&quot;start&quot;:0,&quot;end&quot;:100}},&quot;play_speed&quot;:{&quot;unit&quot;:&quot;px&quot;,&quot;size&quot;:1,&quot;sizes&quot;:[]},&quot;start_point&quot;:{&quot;unit&quot;:&quot;%&quot;,&quot;size&quot;:0,&quot;sizes&quot;:[]},&quot;end_point&quot;:{&quot;unit&quot;:&quot;%&quot;,&quot;size&quot;:100,&quot;sizes&quot;:[]},&quot;renderer&quot;:&quot;svg&quot;}\" data-widget_type=\"lottie.default\">\n\t\t\t\t<div class=\"elementor-widget-container\">\n\t\t\t\t\t<div class=\"e-lottie__container\"><div class=\"e-lottie__animation\"><\/div><\/div>\t\t\t\t<\/div>\n\t\t\t\t<\/div>\n\t\t\t\t<div class=\"elementor-element elementor-element-6f22c458 elementor-widget elementor-widget-heading\" data-id=\"6f22c458\" data-element_type=\"widget\" data-e-type=\"widget\" data-widget_type=\"heading.default\">\n\t\t\t\t<div class=\"elementor-widget-container\">\n\t\t\t\t\t<h2 class=\"elementor-heading-title elementor-size-default\">Your reservation has been successfully received<\/h2>\t\t\t\t<\/div>\n\t\t\t\t<\/div>\n\t\t\t\t<div class=\"elementor-element elementor-element-37f69ca3 elementor-widget elementor-widget-text-editor\" data-id=\"37f69ca3\" data-element_type=\"widget\" data-e-type=\"widget\" data-widget_type=\"text-editor.default\">\n\t\t\t\t<div class=\"elementor-widget-container\">\n\t\t\t\t\t\t\t\t\t<p>Thank you for making your payment. Your transaction has been completed and we have sent you confirmation of its completion.<\/p><p>Log in to your PayPal account to view transaction details.<\/p><p>You will receive more details about the workshops closer to the event date.<\/p>\t\t\t\t\t\t\t\t<\/div>\n\t\t\t\t<\/div>\n\t\t\t\t\t<\/div>\n\t\t<\/div>\n\t\t\t\t\t<\/div>\n\t\t<\/section>\n\t\t\t\t<\/div>","protected":false},"excerpt":{"rendered":"<p>Twoja rezerwacja zosta\u0142a pomy\u015blnie odebrana Dzi\u0119kujemy za dokonanie p\u0142atno\u015bci. Twoja transakcja zosta\u0142a zrealizowana i wys\u0142ali\u015bmy Ci potwierdzenie jej zako\u0144czenia. Zaloguj si\u0119 do swojego konta PayPal, aby wy\u015bwietli\u0107 szczeg\u00f3\u0142y transakcji. Wi\u0119cej szczeg\u00f3\u0142\u00f3w na temat warsztat\u00f3w otrzymasz bli\u017cej daty wydarzenia.<\/p>","protected":false},"author":1,"featured_media":0,"parent":0,"menu_order":0,"comment_status":"closed","ping_status":"closed","template":"","meta":{"footnotes":""},"class_list":["post-3070","page","type-page","status-publish","hentry"],"yoast_head":"<!-- This site is optimized with the Yoast SEO plugin v27.5 - https:\/\/yoast.com\/product\/yoast-seo-wordpress\/ -->\n<title>Rezerwacja Warsztat\u00f3w Zako\u0144czona - Psycholog Online<\/title>\n<meta name=\"robots\" content=\"noindex, follow\" \/>\n<meta property=\"og:locale\" content=\"en_GB\" \/>\n<meta property=\"og:type\" content=\"article\" \/>\n<meta property=\"og:title\" content=\"Rezerwacja Warsztat\u00f3w Zako\u0144czona - Psycholog Online\" \/>\n<meta property=\"og:description\" content=\"Twoja rezerwacja zosta\u0142a pomy\u015blnie odebrana Dzi\u0119kujemy za dokonanie p\u0142atno\u015bci. Twoja transakcja zosta\u0142a zrealizowana i wys\u0142ali\u015bmy Ci potwierdzenie jej zako\u0144czenia. Zaloguj si\u0119 do swojego konta PayPal, aby wy\u015bwietli\u0107 szczeg\u00f3\u0142y transakcji. Wi\u0119cej szczeg\u00f3\u0142\u00f3w na temat warsztat\u00f3w otrzymasz bli\u017cej daty wydarzenia.\" \/>\n<meta property=\"og:url\" content=\"https:\/\/psycholog-online.co.uk\/en\/warsztat-zarezerwowany\/\" \/>\n<meta property=\"og:site_name\" content=\"Psycholog Online\" \/>\n<meta property=\"article:modified_time\" content=\"2025-07-20T09:41:12+00:00\" \/>\n<meta name=\"twitter:card\" content=\"summary_large_image\" \/>\n<!-- \/ Yoast SEO plugin. -->","yoast_head_json":{"title":"Rezerwacja Warsztat\u00f3w Zako\u0144czona - Psycholog Online","robots":{"index":"noindex","follow":"follow"},"og_locale":"en_GB","og_type":"article","og_title":"Rezerwacja Warsztat\u00f3w Zako\u0144czona - Psycholog Online","og_description":"Twoja rezerwacja zosta\u0142a pomy\u015blnie odebrana Dzi\u0119kujemy za dokonanie p\u0142atno\u015bci. Twoja transakcja zosta\u0142a zrealizowana i wys\u0142ali\u015bmy Ci potwierdzenie jej zako\u0144czenia. Zaloguj si\u0119 do swojego konta PayPal, aby wy\u015bwietli\u0107 szczeg\u00f3\u0142y transakcji. Wi\u0119cej szczeg\u00f3\u0142\u00f3w na temat warsztat\u00f3w otrzymasz bli\u017cej daty wydarzenia.","og_url":"https:\/\/psycholog-online.co.uk\/en\/warsztat-zarezerwowany\/","og_site_name":"Psycholog Online","article_modified_time":"2025-07-20T09:41:12+00:00","twitter_card":"summary_large_image","schema":{"@context":"https:\/\/schema.org","@graph":[{"@type":"WebPage","@id":"https:\/\/psycholog-online.co.uk\/warsztat-zarezerwowany\/","url":"https:\/\/psycholog-online.co.uk\/warsztat-zarezerwowany\/","name":"Rezerwacja Warsztat\u00f3w Zako\u0144czona - Psycholog Online","isPartOf":{"@id":"https:\/\/psycholog-online.co.uk\/#website"},"datePublished":"2022-07-01T21:35:04+00:00","dateModified":"2025-07-20T09:41:12+00:00","breadcrumb":{"@id":"https:\/\/psycholog-online.co.uk\/warsztat-zarezerwowany\/#breadcrumb"},"inLanguage":"en-GB","potentialAction":[{"@type":"ReadAction","target":["https:\/\/psycholog-online.co.uk\/warsztat-zarezerwowany\/"]}]},{"@type":"BreadcrumbList","@id":"https:\/\/psycholog-online.co.uk\/warsztat-zarezerwowany\/#breadcrumb","itemListElement":[{"@type":"ListItem","position":1,"name":"Home","item":"https:\/\/psycholog-online.co.uk\/"},{"@type":"ListItem","position":2,"name":"Rezerwacja Warsztat\u00f3w Zako\u0144czona"}]},{"@type":"WebSite","@id":"https:\/\/psycholog-online.co.uk\/#website","url":"https:\/\/psycholog-online.co.uk\/","name":"Online Psychologist","description":"An experienced Polish psychologist helping people improve their mental well-being","publisher":{"@id":"https:\/\/psycholog-online.co.uk\/#organization"},"potentialAction":[{"@type":"SearchAction","target":{"@type":"EntryPoint","urlTemplate":"https:\/\/psycholog-online.co.uk\/?s={search_term_string}"},"query-input":{"@type":"PropertyValueSpecification","valueRequired":true,"valueName":"search_term_string"}}],"inLanguage":"en-GB"},{"@type":"Organization","@id":"https:\/\/psycholog-online.co.uk\/#organization","name":"Online Psychologist","alternateName":"MW Counselling","url":"https:\/\/psycholog-online.co.uk\/","logo":{"@type":"ImageObject","inLanguage":"en-GB","@id":"https:\/\/psycholog-online.co.uk\/#\/schema\/logo\/image\/","url":"https:\/\/psycholog-online.co.uk\/wp-content\/uploads\/2021\/08\/psycholog-online-favicon.png","contentUrl":"https:\/\/psycholog-online.co.uk\/wp-content\/uploads\/2021\/08\/psycholog-online-favicon.png","width":94,"height":94,"caption":"Psycholog Online"},"image":{"@id":"https:\/\/psycholog-online.co.uk\/#\/schema\/logo\/image\/"}}]}},"publishpress_future_action":{"enabled":false,"date":"2026-05-14 08:50:19","action":"change-status","newStatus":"draft","terms":[],"taxonomy":"","extraData":[]},"publishpress_future_workflow_manual_trigger":{"enabledWorkflows":[]},"_links":{"self":[{"href":"https:\/\/psycholog-online.co.uk\/en\/wp-json\/wp\/v2\/pages\/3070","targetHints":{"allow":["GET"]}}],"collection":[{"href":"https:\/\/psycholog-online.co.uk\/en\/wp-json\/wp\/v2\/pages"}],"about":[{"href":"https:\/\/psycholog-online.co.uk\/en\/wp-json\/wp\/v2\/types\/page"}],"author":[{"embeddable":true,"href":"https:\/\/psycholog-online.co.uk\/en\/wp-json\/wp\/v2\/users\/1"}],"replies":[{"embeddable":true,"href":"https:\/\/psycholog-online.co.uk\/en\/wp-json\/wp\/v2\/comments?post=3070"}],"version-history":[{"count":8,"href":"https:\/\/psycholog-online.co.uk\/en\/wp-json\/wp\/v2\/pages\/3070\/revisions"}],"predecessor-version":[{"id":5830,"href":"https:\/\/psycholog-online.co.uk\/en\/wp-json\/wp\/v2\/pages\/3070\/revisions\/5830"}],"wp:attachment":[{"href":"https:\/\/psycholog-online.co.uk\/en\/wp-json\/wp\/v2\/media?parent=3070"}],"curies":[{"name":"wp","href":"https:\/\/api.w.org\/{rel}","templated":true}]}}