{"id":3416,"date":"2023-01-12T10:54:52","date_gmt":"2023-01-12T10:54:52","guid":{"rendered":"https:\/\/psycholog-online.co.uk\/?page_id=3416"},"modified":"2024-09-02T08:55:41","modified_gmt":"2024-09-02T08:55:41","slug":"test-zaburzenia-lekowe","status":"publish","type":"page","link":"https:\/\/psycholog-online.co.uk\/en\/test-zaburzenia-lekowe\/","title":{"rendered":"Anxiety Test"},"content":{"rendered":"<div data-elementor-type=\"wp-page\" data-elementor-id=\"3416\" class=\"elementor elementor-3416\" data-elementor-settings=\"{&quot;ha_cmc_init_switcher&quot;:&quot;no&quot;}\" data-elementor-post-type=\"page\">\n\t\t\t\t\t\t<section class=\"elementor-section elementor-top-section elementor-element elementor-element-45a3dd6 elementor-section-boxed elementor-section-height-default elementor-section-height-default\" data-id=\"45a3dd6\" data-element_type=\"section\" data-e-type=\"section\" data-settings=\"{&quot;_ha_eqh_enable&quot;:false}\">\n\t\t\t\t\t\t<div class=\"elementor-container elementor-column-gap-default\">\n\t\t\t\t\t<div class=\"elementor-column elementor-col-100 elementor-top-column elementor-element elementor-element-bca57de\" data-id=\"bca57de\" data-element_type=\"column\" data-e-type=\"column\">\n\t\t\t<div class=\"elementor-widget-wrap elementor-element-populated\">\n\t\t\t\t\t\t<div class=\"elementor-element elementor-element-5eaac3a elementor-widget elementor-widget-heading\" data-id=\"5eaac3a\" data-element_type=\"widget\" data-e-type=\"widget\" data-widget_type=\"heading.default\">\n\t\t\t\t<div class=\"elementor-widget-container\">\n\t\t\t\t\t<h2 class=\"elementor-heading-title elementor-size-default\">OASIS (Overall Anxiety Severity and Impairment Scale) test to check the presence of nervous disorders<\/h2>\t\t\t\t<\/div>\n\t\t\t\t<\/div>\n\t\t\t\t<div class=\"elementor-element elementor-element-cfd93bb elementor-widget elementor-widget-text-editor\" data-id=\"cfd93bb\" data-element_type=\"widget\" data-e-type=\"widget\" data-widget_type=\"text-editor.default\">\n\t\t\t\t<div class=\"elementor-widget-container\">\n\t\t\t\t\t\t\t\t\t<p><span style=\"font-weight: 400;\"><strong>What is OASIS?<\/strong><br \/><a href=\"https:\/\/www.ncbi.nlm.nih.gov\/pmc\/articles\/PMC2629402\/\">OASIS<\/a> (Overall Anxiety Severity and Impairment Scale) is a 5-item scale designed to measure the severity and symptoms associated with anxiety disorders.<\/span><\/p><p><span style=\"font-weight: 400;\">The test is not a diagnostic tool and its result does not constitute a diagnosis of a mental disorder. <\/span><\/p><p><span style=\"font-weight: 400;\">If you suspect that you have an anxiety disorder and want to obtain a reliable diagnosis, contact a mental health specialist<\/span><span style=\"font-weight: 400;\"><br \/><\/span><span style=\"font-weight: 400;\"><br \/><\/span><b>The online test is intended only for people over 18 years of age<\/b><span style=\"font-weight: 400;\">.<\/span><\/p><p><span style=\"font-weight: 400;\">The following questions are about anxiety and fear. These symptoms may include panic attacks, situational fears, worries, flashbacks, or hypervigilance. When answering these questions, include all of your anxiety symptoms. For each item, circle the number that best describes your experience over the past week.<\/span><\/p>\t\t\t\t\t\t\t\t<\/div>\n\t\t\t\t<\/div>\n\t\t\t\t<div class=\"elementor-element elementor-element-65f3328 elementor-widget elementor-widget-text-editor\" data-id=\"65f3328\" data-element_type=\"widget\" data-e-type=\"widget\" data-widget_type=\"text-editor.default\">\n\t\t\t\t<div class=\"elementor-widget-container\">\n\t\t\t\t\t\t\t\t\t<p><script type=\"text\/javascript\" src=\"https:\/\/forms.livanova.com\/jsform\/233315702107950\"><\/script><\/p>\t\t\t\t\t\t\t\t<\/div>\n\t\t\t\t<\/div>\n\t\t\t\t\t<\/div>\n\t\t<\/div>\n\t\t\t\t\t<\/div>\n\t\t<\/section>\n\t\t\t\t<\/div>","protected":false},"excerpt":{"rendered":"<p>OASIS (Overall Anxiety Severity and Impairment Scale) Anxiety Severity and Impairment Scale (OASIS) is a 5-item test that measures the severity and symptoms associated with anxiety disorders. The test is not a diagnostic tool and its results do not constitute a diagnosis of a mental disorder. If you suspect that you have [\u2026]<\/p>","protected":false},"author":1,"featured_media":690,"parent":0,"menu_order":0,"comment_status":"closed","ping_status":"closed","template":"","meta":{"footnotes":""},"class_list":["post-3416","page","type-page","status-publish","has-post-thumbnail","hentry"],"yoast_head":"<!-- This site is optimized with the Yoast SEO plugin v27.4 - https:\/\/yoast.com\/product\/yoast-seo-wordpress\/ -->\n<title>Test Zaburzenia L\u0119kowe - Sprawd\u017a, czy cierpisz na stany l\u0119kowe<\/title>\n<meta name=\"description\" content=\"Podejrzewasz, \u017ce cierpisz na zaburzenia l\u0119kowe? Uzupe\u0142nij bezp\u0142atny test i sprawd\u017a, czy mo\u017cesz odnie\u015b\u0107 korzy\u015b\u0107 z rozmowy z psychologiem.\" \/>\n<meta name=\"robots\" content=\"index, follow, max-snippet:-1, max-image-preview:large, max-video-preview:-1\" \/>\n<link rel=\"canonical\" href=\"https:\/\/psycholog-online.co.uk\/en\/test-zaburzenia-lekowe\/\" \/>\n<meta property=\"og:locale\" content=\"en_GB\" \/>\n<meta property=\"og:type\" content=\"article\" \/>\n<meta property=\"og:title\" content=\"Test Zaburzenia L\u0119kowe - Sprawd\u017a, czy cierpisz na stany l\u0119kowe\" \/>\n<meta property=\"og:description\" content=\"Podejrzewasz, \u017ce cierpisz na zaburzenia l\u0119kowe? Uzupe\u0142nij bezp\u0142atny test i sprawd\u017a, czy mo\u017cesz odnie\u015b\u0107 korzy\u015b\u0107 z rozmowy z psychologiem.\" \/>\n<meta property=\"og:url\" content=\"https:\/\/psycholog-online.co.uk\/en\/test-zaburzenia-lekowe\/\" \/>\n<meta property=\"og:site_name\" content=\"Psycholog Online\" \/>\n<meta property=\"article:modified_time\" content=\"2024-09-02T08:55:41+00:00\" \/>\n<meta property=\"og:image\" content=\"https:\/\/psycholog-online.co.uk\/wp-content\/uploads\/2021\/07\/monika-psycholog-online-portrait-1.jpg\" \/>\n\t<meta property=\"og:image:width\" content=\"958\" \/>\n\t<meta property=\"og:image:height\" content=\"856\" \/>\n\t<meta property=\"og:image:type\" content=\"image\/jpeg\" \/>\n<meta name=\"twitter:card\" content=\"summary_large_image\" \/>\n<!-- \/ Yoast SEO plugin. -->","yoast_head_json":{"title":"Anxiety Disorders Test - Check if you suffer from anxiety","description":"Do you suspect you might be suffering from an anxiety disorder? Take this free assessment and see if you could benefit from speaking with a psychologist.","robots":{"index":"index","follow":"follow","max-snippet":"max-snippet:-1","max-image-preview":"max-image-preview:large","max-video-preview":"max-video-preview:-1"},"canonical":"https:\/\/psycholog-online.co.uk\/en\/test-zaburzenia-lekowe\/","og_locale":"en_GB","og_type":"article","og_title":"Test Zaburzenia L\u0119kowe - Sprawd\u017a, czy cierpisz na stany l\u0119kowe","og_description":"Podejrzewasz, \u017ce cierpisz na zaburzenia l\u0119kowe? Uzupe\u0142nij bezp\u0142atny test i sprawd\u017a, czy mo\u017cesz odnie\u015b\u0107 korzy\u015b\u0107 z rozmowy z psychologiem.","og_url":"https:\/\/psycholog-online.co.uk\/en\/test-zaburzenia-lekowe\/","og_site_name":"Psycholog Online","article_modified_time":"2024-09-02T08:55:41+00:00","og_image":[{"width":958,"height":856,"url":"https:\/\/psycholog-online.co.uk\/wp-content\/uploads\/2021\/07\/monika-psycholog-online-portrait-1.jpg","type":"image\/jpeg"}],"twitter_card":"summary_large_image","schema":{"@context":"https:\/\/schema.org","@graph":[{"@type":"WebPage","@id":"https:\/\/psycholog-online.co.uk\/test-zaburzenia-lekowe\/","url":"https:\/\/psycholog-online.co.uk\/test-zaburzenia-lekowe\/","name":"Anxiety Disorders Test - Check if you suffer from anxiety","isPartOf":{"@id":"https:\/\/psycholog-online.co.uk\/#website"},"primaryImageOfPage":{"@id":"https:\/\/psycholog-online.co.uk\/test-zaburzenia-lekowe\/#primaryimage"},"image":{"@id":"https:\/\/psycholog-online.co.uk\/test-zaburzenia-lekowe\/#primaryimage"},"thumbnailUrl":"https:\/\/psycholog-online.co.uk\/wp-content\/uploads\/2021\/07\/monika-psycholog-online-portrait-1.jpg","datePublished":"2023-01-12T10:54:52+00:00","dateModified":"2024-09-02T08:55:41+00:00","description":"Do you suspect you might be suffering from an anxiety disorder? Take this free assessment and see if you could benefit from speaking with a psychologist.","breadcrumb":{"@id":"https:\/\/psycholog-online.co.uk\/test-zaburzenia-lekowe\/#breadcrumb"},"inLanguage":"en-GB","potentialAction":[{"@type":"ReadAction","target":["https:\/\/psycholog-online.co.uk\/test-zaburzenia-lekowe\/"]}]},{"@type":"ImageObject","inLanguage":"en-GB","@id":"https:\/\/psycholog-online.co.uk\/test-zaburzenia-lekowe\/#primaryimage","url":"https:\/\/psycholog-online.co.uk\/wp-content\/uploads\/2021\/07\/monika-psycholog-online-portrait-1.jpg","contentUrl":"https:\/\/psycholog-online.co.uk\/wp-content\/uploads\/2021\/07\/monika-psycholog-online-portrait-1.jpg","width":958,"height":856,"caption":"Polski Psycholog w Berkshire i Online | MW Counselling"},{"@type":"BreadcrumbList","@id":"https:\/\/psycholog-online.co.uk\/test-zaburzenia-lekowe\/#breadcrumb","itemListElement":[{"@type":"ListItem","position":1,"name":"Home","item":"https:\/\/psycholog-online.co.uk\/"},{"@type":"ListItem","position":2,"name":"Anxiety Test"}]},{"@type":"WebSite","@id":"https:\/\/psycholog-online.co.uk\/#website","url":"https:\/\/psycholog-online.co.uk\/","name":"Online Psychologist","description":"An experienced Polish psychologist helping people improve their mental well-being","publisher":{"@id":"https:\/\/psycholog-online.co.uk\/#organization"},"potentialAction":[{"@type":"SearchAction","target":{"@type":"EntryPoint","urlTemplate":"https:\/\/psycholog-online.co.uk\/?s={search_term_string}"},"query-input":{"@type":"PropertyValueSpecification","valueRequired":true,"valueName":"search_term_string"}}],"inLanguage":"en-GB"},{"@type":"Organization","@id":"https:\/\/psycholog-online.co.uk\/#organization","name":"Online Psychologist","alternateName":"MW Counselling","url":"https:\/\/psycholog-online.co.uk\/","logo":{"@type":"ImageObject","inLanguage":"en-GB","@id":"https:\/\/psycholog-online.co.uk\/#\/schema\/logo\/image\/","url":"https:\/\/psycholog-online.co.uk\/wp-content\/uploads\/2021\/08\/psycholog-online-favicon.png","contentUrl":"https:\/\/psycholog-online.co.uk\/wp-content\/uploads\/2021\/08\/psycholog-online-favicon.png","width":94,"height":94,"caption":"Psycholog Online"},"image":{"@id":"https:\/\/psycholog-online.co.uk\/#\/schema\/logo\/image\/"}}]}},"publishpress_future_action":{"enabled":false,"date":"2026-04-22 23:35:24","action":"change-status","newStatus":"draft","terms":[],"taxonomy":"","extraData":[]},"publishpress_future_workflow_manual_trigger":{"enabledWorkflows":[]},"_links":{"self":[{"href":"https:\/\/psycholog-online.co.uk\/en\/wp-json\/wp\/v2\/pages\/3416","targetHints":{"allow":["GET"]}}],"collection":[{"href":"https:\/\/psycholog-online.co.uk\/en\/wp-json\/wp\/v2\/pages"}],"about":[{"href":"https:\/\/psycholog-online.co.uk\/en\/wp-json\/wp\/v2\/types\/page"}],"author":[{"embeddable":true,"href":"https:\/\/psycholog-online.co.uk\/en\/wp-json\/wp\/v2\/users\/1"}],"replies":[{"embeddable":true,"href":"https:\/\/psycholog-online.co.uk\/en\/wp-json\/wp\/v2\/comments?post=3416"}],"version-history":[{"count":36,"href":"https:\/\/psycholog-online.co.uk\/en\/wp-json\/wp\/v2\/pages\/3416\/revisions"}],"predecessor-version":[{"id":5661,"href":"https:\/\/psycholog-online.co.uk\/en\/wp-json\/wp\/v2\/pages\/3416\/revisions\/5661"}],"wp:featuredmedia":[{"embeddable":true,"href":"https:\/\/psycholog-online.co.uk\/en\/wp-json\/wp\/v2\/media\/690"}],"wp:attachment":[{"href":"https:\/\/psycholog-online.co.uk\/en\/wp-json\/wp\/v2\/media?parent=3416"}],"curies":[{"name":"wp","href":"https:\/\/api.w.org\/{rel}","templated":true}]}}