{"id":3439,"date":"2023-01-12T12:19:53","date_gmt":"2023-01-12T12:19:53","guid":{"rendered":"https:\/\/psycholog-online.co.uk\/?page_id=3439"},"modified":"2023-12-30T12:22:21","modified_gmt":"2023-12-30T12:22:21","slug":"test-zaburzenia-lekowe-result-1","status":"publish","type":"page","link":"https:\/\/psycholog-online.co.uk\/en\/test-zaburzenia-lekowe-result-1\/","title":{"rendered":"Anxiety Test Result: Yes"},"content":{"rendered":"<div data-elementor-type=\"wp-page\" data-elementor-id=\"3439\" class=\"elementor elementor-3439\" data-elementor-settings=\"{&quot;ha_cmc_init_switcher&quot;:&quot;no&quot;}\" data-elementor-post-type=\"page\">\n\t\t\t\t\t\t<section class=\"elementor-section elementor-top-section elementor-element elementor-element-540f1dee elementor-section-full_width elementor-section-height-min-height elementor-section-items-stretch elementor-section-content-middle elementor-section-height-default\" data-id=\"540f1dee\" data-element_type=\"section\" data-e-type=\"section\" data-settings=\"{&quot;_ha_eqh_enable&quot;:false}\">\n\t\t\t\t\t\t<div class=\"elementor-container elementor-column-gap-default\">\n\t\t\t\t\t<div class=\"elementor-column elementor-col-50 elementor-top-column elementor-element elementor-element-60d5853\" data-id=\"60d5853\" data-element_type=\"column\" data-e-type=\"column\" data-settings=\"{&quot;background_background&quot;:&quot;slideshow&quot;,&quot;background_slideshow_gallery&quot;:[{&quot;id&quot;:761,&quot;url&quot;:&quot;https:\\\/\\\/psycholog-online.co.uk\\\/wp-content\\\/uploads\\\/2021\\\/07\\\/monika-psycholog-online-counselling-homepage.jpg&quot;}],&quot;background_slideshow_loop&quot;:&quot;yes&quot;,&quot;background_slideshow_slide_duration&quot;:5000,&quot;background_slideshow_slide_transition&quot;:&quot;fade&quot;,&quot;background_slideshow_transition_duration&quot;:500}\">\n\t\t\t<div class=\"elementor-widget-wrap elementor-element-populated\">\n\t\t\t\t\t\t<div class=\"elementor-element elementor-element-163fb7bd elementor-widget elementor-widget-spacer\" data-id=\"163fb7bd\" data-element_type=\"widget\" data-e-type=\"widget\" data-widget_type=\"spacer.default\">\n\t\t\t\t<div class=\"elementor-widget-container\">\n\t\t\t\t\t\t\t<div class=\"elementor-spacer\">\n\t\t\t<div class=\"elementor-spacer-inner\"><\/div>\n\t\t<\/div>\n\t\t\t\t\t\t<\/div>\n\t\t\t\t<\/div>\n\t\t\t\t\t<\/div>\n\t\t<\/div>\n\t\t\t\t<div class=\"elementor-column elementor-col-50 elementor-top-column elementor-element elementor-element-6456a956\" data-id=\"6456a956\" data-element_type=\"column\" data-e-type=\"column\" data-settings=\"{&quot;background_background&quot;:&quot;classic&quot;}\">\n\t\t\t<div class=\"elementor-widget-wrap elementor-element-populated\">\n\t\t\t\t\t\t<div class=\"elementor-element elementor-element-2e1f279a elementor-widget elementor-widget-heading\" data-id=\"2e1f279a\" data-element_type=\"widget\" data-e-type=\"widget\" data-widget_type=\"heading.default\">\n\t\t\t\t<div class=\"elementor-widget-container\">\n\t\t\t\t\t<h2 class=\"elementor-heading-title elementor-size-default\">Anxiety test results<\/h2>\t\t\t\t<\/div>\n\t\t\t\t<\/div>\n\t\t\t\t<div class=\"elementor-element elementor-element-510cd4fb elementor-widget elementor-widget-text-editor\" data-id=\"510cd4fb\" data-element_type=\"widget\" data-e-type=\"widget\" data-widget_type=\"text-editor.default\">\n\t\t\t\t<div class=\"elementor-widget-container\">\n\t\t\t\t\t\t\t\t\t<p style=\"text-align: left;\">Your score on the Generalized Anxiety Disorder test is above the norm and may indicate that you are currently experiencing severe anxiety symptoms.<\/p><p style=\"text-align: left;\">The symptoms have a negative impact on your well-being and daily functioning. Advice from a specialist and starting therapy can help you feel better and regain balance in your life.<\/p><p>Book your appointment today and give yourself a chance for a better life.<\/p>\t\t\t\t\t\t\t\t<\/div>\n\t\t\t\t<\/div>\n\t\t\t\t<div class=\"elementor-element elementor-element-b4a7a66 eael-dual-header-content-align-center elementor-widget elementor-widget-global elementor-global-2406 elementor-widget-eael-dual-color-header\" data-id=\"b4a7a66\" data-element_type=\"widget\" data-e-type=\"widget\" data-widget_type=\"eael-dual-color-header.default\">\n\t\t\t\t<div class=\"elementor-widget-container\">\n\t\t\t\t\t\t\t\t<div class=\"eael-dual-header\">\n\t\t\t\t<h2 class=\"title eael-dch-title\"><span class=\"eael-dch-title-text eael-dch-title-lead lead solid-color\">new offer for customers:<\/span> <span class=\"eael-dch-title-text\">first consultation \u00a350<\/span><\/h2><div class=\"eael-dch-separator-wrap\"><span class=\"separator-one\"><\/span>\n\t\t\t<span class=\"separator-two\"><\/span><\/div>\t\t\t\t\t<span class=\"subtext\"><p>Enter &#039;FIRST&#039; when booking to receive a \u00a310 discount on your first consultation<\/p><\/span>\n\t\t\t\t\t\t\t<\/div>\n\n\t\t\t\t\t\t<\/div>\n\t\t\t\t<\/div>\n\t\t\t\t<div class=\"elementor-element elementor-element-d2dc4cb elementor-align-center elementor-tablet-align-center elementor-invisible elementor-widget elementor-widget-button\" data-id=\"d2dc4cb\" data-element_type=\"widget\" data-e-type=\"widget\" data-settings=\"{&quot;_animation&quot;:&quot;fadeIn&quot;,&quot;_animation_delay&quot;:200}\" data-widget_type=\"button.default\">\n\t\t\t\t<div class=\"elementor-widget-container\">\n\t\t\t\t\t\t\t\t\t<div class=\"elementor-button-wrapper\">\n\t\t\t\t\t<a class=\"elementor-button elementor-button-link elementor-size-sm\" href=\"https:\/\/psycholog-online.co.uk\/en\/rezerwacja-online\/#form\">\n\t\t\t\t\t\t<span class=\"elementor-button-content-wrapper\">\n\t\t\t\t\t\t<span class=\"elementor-button-icon\">\n\t\t\t\t<i aria-hidden=\"true\" class=\"fas fa-laptop\"><\/i>\t\t\t<\/span>\n\t\t\t\t\t\t\t\t\t<span class=\"elementor-button-text\">Book consultation<\/span>\n\t\t\t\t\t<\/span>\n\t\t\t\t\t<\/a>\n\t\t\t\t<\/div>\n\t\t\t\t\t\t\t\t<\/div>\n\t\t\t\t<\/div>\n\t\t\t\t\t<\/div>\n\t\t<\/div>\n\t\t\t\t\t<\/div>\n\t\t<\/section>\n\t\t\t\t<\/div>","protected":false},"excerpt":{"rendered":"<p>Anxiety Test Results Your generalized anxiety disorder test score is above normal and may indicate that you are currently experiencing severe anxiety symptoms. The symptoms have a negative impact on your well-being and daily functioning. Advice from a specialist and starting therapy can help you feel better and regain balance in your life. Book your appointment now [...]<\/p>","protected":false},"author":1,"featured_media":690,"parent":0,"menu_order":0,"comment_status":"closed","ping_status":"closed","template":"","meta":{"footnotes":""},"class_list":["post-3439","page","type-page","status-publish","has-post-thumbnail","hentry"],"yoast_head":"<!-- This site is optimized with the Yoast SEO plugin v27.4 - https:\/\/yoast.com\/product\/yoast-seo-wordpress\/ -->\n<title>Anxiety Test Results - Psycholog Online<\/title>\n<meta name=\"description\" content=\"Tw\u00f3j wynik w zakresie uog\u00f3lnionych zaburze\u0144 l\u0119kowych jest powy\u017cej normy i mo\u017ce wskazywa\u0107, \u017ce obecnie do\u015bwiadczasz powa\u017cnych objaw\u00f3w l\u0119kowych.\" \/>\n<meta name=\"robots\" content=\"noindex, nofollow\" \/>\n<meta property=\"og:locale\" content=\"en_GB\" \/>\n<meta property=\"og:type\" content=\"article\" \/>\n<meta property=\"og:title\" content=\"Anxiety Test Results - Psycholog Online\" \/>\n<meta property=\"og:description\" content=\"Tw\u00f3j wynik w zakresie uog\u00f3lnionych zaburze\u0144 l\u0119kowych jest powy\u017cej normy i mo\u017ce wskazywa\u0107, \u017ce obecnie do\u015bwiadczasz powa\u017cnych objaw\u00f3w l\u0119kowych.\" \/>\n<meta property=\"og:url\" content=\"https:\/\/psycholog-online.co.uk\/en\/test-zaburzenia-lekowe-result-1\/\" \/>\n<meta property=\"og:site_name\" content=\"Psycholog Online\" \/>\n<meta property=\"article:modified_time\" content=\"2023-12-30T12:22:21+00:00\" \/>\n<meta property=\"og:image\" content=\"https:\/\/psycholog-online.co.uk\/wp-content\/uploads\/2021\/07\/monika-psycholog-online-portrait-1.jpg\" \/>\n\t<meta property=\"og:image:width\" content=\"958\" \/>\n\t<meta property=\"og:image:height\" content=\"856\" \/>\n\t<meta property=\"og:image:type\" content=\"image\/jpeg\" \/>\n<meta name=\"twitter:card\" content=\"summary_large_image\" \/>\n<!-- \/ Yoast SEO plugin. -->","yoast_head_json":{"title":"Anxiety Test Results - Psycholog Online","description":"Tw\u00f3j wynik w zakresie uog\u00f3lnionych zaburze\u0144 l\u0119kowych jest powy\u017cej normy i mo\u017ce wskazywa\u0107, \u017ce obecnie do\u015bwiadczasz powa\u017cnych objaw\u00f3w l\u0119kowych.","robots":{"index":"noindex","follow":"nofollow"},"og_locale":"en_GB","og_type":"article","og_title":"Anxiety Test Results - Psycholog Online","og_description":"Tw\u00f3j wynik w zakresie uog\u00f3lnionych zaburze\u0144 l\u0119kowych jest powy\u017cej normy i mo\u017ce wskazywa\u0107, \u017ce obecnie do\u015bwiadczasz powa\u017cnych objaw\u00f3w l\u0119kowych.","og_url":"https:\/\/psycholog-online.co.uk\/en\/test-zaburzenia-lekowe-result-1\/","og_site_name":"Psycholog Online","article_modified_time":"2023-12-30T12:22:21+00:00","og_image":[{"width":958,"height":856,"url":"https:\/\/psycholog-online.co.uk\/wp-content\/uploads\/2021\/07\/monika-psycholog-online-portrait-1.jpg","type":"image\/jpeg"}],"twitter_card":"summary_large_image","schema":{"@context":"https:\/\/schema.org","@graph":[{"@type":"WebPage","@id":"https:\/\/psycholog-online.co.uk\/test-zaburzenia-lekowe-result-1\/","url":"https:\/\/psycholog-online.co.uk\/test-zaburzenia-lekowe-result-1\/","name":"Anxiety Test Results - Psycholog Online","isPartOf":{"@id":"https:\/\/psycholog-online.co.uk\/#website"},"primaryImageOfPage":{"@id":"https:\/\/psycholog-online.co.uk\/test-zaburzenia-lekowe-result-1\/#primaryimage"},"image":{"@id":"https:\/\/psycholog-online.co.uk\/test-zaburzenia-lekowe-result-1\/#primaryimage"},"thumbnailUrl":"https:\/\/psycholog-online.co.uk\/wp-content\/uploads\/2021\/07\/monika-psycholog-online-portrait-1.jpg","datePublished":"2023-01-12T12:19:53+00:00","dateModified":"2023-12-30T12:22:21+00:00","description":"Tw\u00f3j wynik w zakresie uog\u00f3lnionych zaburze\u0144 l\u0119kowych jest powy\u017cej normy i mo\u017ce wskazywa\u0107, \u017ce obecnie do\u015bwiadczasz powa\u017cnych objaw\u00f3w l\u0119kowych.","breadcrumb":{"@id":"https:\/\/psycholog-online.co.uk\/test-zaburzenia-lekowe-result-1\/#breadcrumb"},"inLanguage":"en-GB","potentialAction":[{"@type":"ReadAction","target":["https:\/\/psycholog-online.co.uk\/test-zaburzenia-lekowe-result-1\/"]}]},{"@type":"ImageObject","inLanguage":"en-GB","@id":"https:\/\/psycholog-online.co.uk\/test-zaburzenia-lekowe-result-1\/#primaryimage","url":"https:\/\/psycholog-online.co.uk\/wp-content\/uploads\/2021\/07\/monika-psycholog-online-portrait-1.jpg","contentUrl":"https:\/\/psycholog-online.co.uk\/wp-content\/uploads\/2021\/07\/monika-psycholog-online-portrait-1.jpg","width":958,"height":856,"caption":"Polski Psycholog w Berkshire i Online | MW Counselling"},{"@type":"BreadcrumbList","@id":"https:\/\/psycholog-online.co.uk\/test-zaburzenia-lekowe-result-1\/#breadcrumb","itemListElement":[{"@type":"ListItem","position":1,"name":"Home","item":"https:\/\/psycholog-online.co.uk\/"},{"@type":"ListItem","position":2,"name":"Anxiety Test Result: Tak"}]},{"@type":"WebSite","@id":"https:\/\/psycholog-online.co.uk\/#website","url":"https:\/\/psycholog-online.co.uk\/","name":"Online Psychologist","description":"An experienced Polish psychologist helping people improve their mental well-being","publisher":{"@id":"https:\/\/psycholog-online.co.uk\/#organization"},"potentialAction":[{"@type":"SearchAction","target":{"@type":"EntryPoint","urlTemplate":"https:\/\/psycholog-online.co.uk\/?s={search_term_string}"},"query-input":{"@type":"PropertyValueSpecification","valueRequired":true,"valueName":"search_term_string"}}],"inLanguage":"en-GB"},{"@type":"Organization","@id":"https:\/\/psycholog-online.co.uk\/#organization","name":"Online Psychologist","alternateName":"MW Counselling","url":"https:\/\/psycholog-online.co.uk\/","logo":{"@type":"ImageObject","inLanguage":"en-GB","@id":"https:\/\/psycholog-online.co.uk\/#\/schema\/logo\/image\/","url":"https:\/\/psycholog-online.co.uk\/wp-content\/uploads\/2021\/08\/psycholog-online-favicon.png","contentUrl":"https:\/\/psycholog-online.co.uk\/wp-content\/uploads\/2021\/08\/psycholog-online-favicon.png","width":94,"height":94,"caption":"Psycholog Online"},"image":{"@id":"https:\/\/psycholog-online.co.uk\/#\/schema\/logo\/image\/"}}]}},"publishpress_future_action":{"enabled":false,"date":"2026-04-22 00:35:58","action":"change-status","newStatus":"draft","terms":[],"taxonomy":"","extraData":[]},"publishpress_future_workflow_manual_trigger":{"enabledWorkflows":[]},"_links":{"self":[{"href":"https:\/\/psycholog-online.co.uk\/en\/wp-json\/wp\/v2\/pages\/3439","targetHints":{"allow":["GET"]}}],"collection":[{"href":"https:\/\/psycholog-online.co.uk\/en\/wp-json\/wp\/v2\/pages"}],"about":[{"href":"https:\/\/psycholog-online.co.uk\/en\/wp-json\/wp\/v2\/types\/page"}],"author":[{"embeddable":true,"href":"https:\/\/psycholog-online.co.uk\/en\/wp-json\/wp\/v2\/users\/1"}],"replies":[{"embeddable":true,"href":"https:\/\/psycholog-online.co.uk\/en\/wp-json\/wp\/v2\/comments?post=3439"}],"version-history":[{"count":8,"href":"https:\/\/psycholog-online.co.uk\/en\/wp-json\/wp\/v2\/pages\/3439\/revisions"}],"predecessor-version":[{"id":6178,"href":"https:\/\/psycholog-online.co.uk\/en\/wp-json\/wp\/v2\/pages\/3439\/revisions\/6178"}],"wp:featuredmedia":[{"embeddable":true,"href":"https:\/\/psycholog-online.co.uk\/en\/wp-json\/wp\/v2\/media\/690"}],"wp:attachment":[{"href":"https:\/\/psycholog-online.co.uk\/en\/wp-json\/wp\/v2\/media?parent=3439"}],"curies":[{"name":"wp","href":"https:\/\/api.w.org\/{rel}","templated":true}]}}