{"id":3752,"date":"2023-03-01T22:00:49","date_gmt":"2023-03-01T22:00:49","guid":{"rendered":"https:\/\/psycholog-online.co.uk\/?page_id=3752"},"modified":"2023-03-01T22:02:33","modified_gmt":"2023-03-01T22:02:33","slug":"karen","status":"publish","type":"page","link":"https:\/\/psycholog-online.co.uk\/en\/karen\/","title":{"rendered":"Karen"},"content":{"rendered":"<div data-elementor-type=\"wp-page\" data-elementor-id=\"3752\" class=\"elementor elementor-3752\" data-elementor-settings=\"{&quot;ha_cmc_init_switcher&quot;:&quot;no&quot;}\" data-elementor-post-type=\"page\">\n\t\t\t\t<div class=\"elementor-element elementor-element-b8cc7e4 e-flex e-con-boxed e-con e-parent\" data-id=\"b8cc7e4\" data-element_type=\"container\" data-e-type=\"container\" data-settings=\"{&quot;_ha_eqh_enable&quot;:false}\">\n\t\t\t\t\t<div class=\"e-con-inner\">\n\t\t\t\t<div class=\"elementor-element elementor-element-51378e3 elementor-widget elementor-widget-Appointment Hour Booking\" data-id=\"51378e3\" data-element_type=\"widget\" data-e-type=\"widget\" data-widget_type=\"Appointment Hour Booking.default\">\n\t\t\t\t<div class=\"elementor-widget-container\">\n\t\t\t\t\t<!--noptimize-->\n        <script type=\"text\/javascript\">\n         var cp_hourbk_cancel_label = 'Anulowa\u0107';\n         var cp_hourbk_quantity_label = 'Ilo\u015b\u0107';\n         var message_ffile_accept = 'Please upload a valid file type';         \n         var cp_hourbk_message_ffile_size = 'File size exceeds limit';\n         var cp_hourbk_cost_label = 'Cena';\n         var cp_hourbk_overlapping_label = 'Wybrany czas nie jest ju\u017c dost\u0119pny. Wybierz inny czas.';\n         var cp_hourbk_nomore_label = 'No more slots available.';\n         var cp_hourbk_preselect = cp_hourbk_preselect || [];\n         cp_hourbk_preselect[\"_1\"] = '';\n         var cp_hourbk_cmpublic = true;\n         var cp_hourbk_avoid_overlapping = 0;         var apphboverbooking_handler0 = false;\n         function cp_appbooking_pform_doValidate_1(form)\n         { \n            $dexQuery = jQuery.noConflict();\n            try { document.cp_appbooking_pform_1.cp_ref_page.value = document.location; } catch (e) {}\n            $dexQuery = jQuery.noConflict();            {\n                var cpefb_error = 0;\n                $dexQuery(\"#cp_appbooking_pform_1\").find(\".cpefb_error\").each(function(index){\n                    if ($dexQuery(this).css(\"display\")!=\"none\")\n                        if ($dexQuery(this).html() != cp_hourbk_overlapping_label) cpefb_error++;  \n                    });               \n                if (cpefb_error==0)\n                {\t\t\tvar recaptcha = $dexQuery( '[name=\"cp_appbooking_pform_1\"] [name=\"g-recaptcha-response\"]' );\n\t\t\tif( \n\t\t\t\trecaptcha.length == 0 ||\n\t\t\t\t\/^\\s*$\/.test( recaptcha.val() )\n\t\t\t)\n\t\t\t{\n                var grecaptcha_e = $dexQuery( '[name=\"cp_appbooking_pform_1\"] [class=\"g-recaptcha\"]' );\n\t\t\t\tif(grecaptcha_e.length && grecaptcha_e.attr( 'data-size' ) == 'invisible')\n\t\t\t\t{\n\t\t\t\t\tgrecaptcha.execute();\n\t\t\t\t}\n\t\t\t\telse\n                {\n\t\t\t\t    alert('Captcha verification is missing.');\n\t\t\t\t    return false;\n                }\n\t\t\t}\n\t\t\telse\n\t\t\t{\n\t\t\t\tvar result = $dexQuery.ajax({\n\t\t\t\t\ttype: \"GET\",\n\t\t\t\t\turl:  \"https:\/\/psycholog-online.co.uk\/en\/?ahbcap=1\",\n\t\t\t\t\tdata: {\n\t\t\t\t\t\tps: \"1\",\n\t\t\t\t\t\tcpappb_recaptcha_response: recaptcha.val()\n\t\t\t\t\t},\n\t\t\t\t\tasync: false\n\t\t\t\t}).responseText;\n\t\t\t\tif (result.indexOf(\"captchafailed\") != -1)\n\t\t\t\t{\n\t\t\t\t\talert('Captcha verification failed. Please try again.');\n\t\t\t\t\treturn false;\n\t\t\t\t}\t\n\t\t\t}\t\n\t\tif (!apphboverbooking_handler0)\n                    {\n                        apphbblink_1(\".pbSubmit:visible\");\n                        $dexQuery(\"#cp_appbooking_pform_1\").find(\".avoid_overlapping_before\").not(\".ignore,.ignorepb\").each(function(){\n                            if ($dexQuery(this).parent().is(\":visible\")) $dexQuery(this).removeClass(\"avoid_overlapping_before\").removeClass(\"valid\").addClass(\"avoid_overlapping\");\n                        })\n                        cp_hourbk_avoid_overlapping = 1;\n                        try {\n                            $dexQuery(\"#cp_appbooking_pform_1\").find(\".avoid_overlapping\").valid();\n                        } catch (e) { cp_hourbk_avoid_overlapping = 0; }\n                        function check_cp_hourbk_avoid_overlapping(){\n\t\t                    if (cp_hourbk_avoid_overlapping>0)\n\t\t                        setTimeout(check_cp_hourbk_avoid_overlapping,100);\n\t\t                    else\n\t\t                    {\n                                var cpefb_error = 0;\n                                $dexQuery(\"#cp_appbooking_pform_1\").find(\".cpefb_error\").each(function(index){\n                                    if ($dexQuery(this).css(\"display\")!=\"none\")\n                                        cpefb_error++;    \n                                    });\n                                if (cpefb_error==0 && !apphboverbooking_handler0)    \n                                {\n                                    apphboverbooking_handler0 = true;\n                                    if (cp_appbooking_pform_doValidate_1(form))\n                                        document.getElementById(\"cp_appbooking_pform_1\").submit();                                }\n\t\t                    }  \n\t\t                }\n\t\t                check_cp_hourbk_avoid_overlapping();\n                        return false;\n                    }                    \n\t        \t\t$dexQuery(\"#cp_appbooking_pform_1\").find( '.ignore' ).closest( '.fields' ).remove();\n\t        \t}\n                if (cpefb_error) return false;\n\t        \tdocument.getElementById(\"form_structure_1\").value = '';    \n\t        \tdocument.getElementById(\"refpage_1\").value = document.location;    \n                try { if (document.cp_appbooking_pform_1.cp_appbooking_pform_status.value != '0')\n                return false; } catch (e) {}\n                apphbblink_1(\".pbSubmit:visible\");\n                try { document.cp_appbooking_pform_1.cp_appbooking_pform_status.value = '1';\t } catch (e) {}\n                $dexQuery(document).trigger(\"beforeOnSubmitAhb\",{id:\"cp_appbooking_pform_1\"});\n                return true;\n            }  \n         }\n         function apphbblink_1(selector){\n             try {   \n                 $dexQuery = jQuery.noConflict();\n                 $dexQuery(selector).fadeOut(1000, function(){\n                     $dexQuery(this).fadeIn(1000, function(){\n                             try {                     \n                                 if (document.cp_appbooking_pform_1.cp_appbooking_pform_status.value != '0')\n                                     apphbblink_1(this);                                  \n                             } catch (e) {}  \n                     });\n                 });             \n             } catch (e) {}                 \n         }         \n         function cp_appbooking_cerror_1(){$dexQuery = jQuery.noConflict();$dexQuery(\"#hdcaptcha_error_1\").css('top',$dexQuery(\"#hdcaptcha_cp_appbooking_post_1\").outerHeight());$dexQuery(\"#hdcaptcha_error_1\").css(\"display\",\"inline\");}\n        <\/script><!--\/noptimize-->\n        <link  rel='stylesheet' media=\"all\" href=\"https:\/\/psycholog-online.co.uk\/wp-content\/plugins\/appointment-hour-booking\/templates\/08\/style.css\" type=\"text\/css\" \/><form autocomplete=\"off\" class=\"cpp_form no-prefetch\" name=\"cp_appbooking_pform_1\" id=\"cp_appbooking_pform_1\" action=\"\/en\/karen\/?ahbnocache=913336\" method=\"post\" enctype=\"multipart\/form-data\" onsubmit=\"return cp_appbooking_pform_doValidate_1(this);\" data-trp-original-action=\"\/en\/karen\/?ahbnocache=913336\"><input type=\"hidden\" name=\"cp_pform_psequence\" value=\"_1\" \/><input type=\"hidden\" name=\"cp_appbooking_pform_process\" value=\"1\" \/><input type=\"hidden\" name=\"cp_appbooking_id\" value=\"4\" \/><input type=\"hidden\" name=\"cp_ref_page\" value=\"\" \/><input type=\"hidden\" name=\"form_structure_1\" id=\"form_structure_1\" size=\"180\" value=\"[[{&quot;form_identifier&quot;:&quot;&quot;,&quot;name&quot;:&quot;fieldname2&quot;,&quot;shortlabel&quot;:&quot;&quot;,&quot;index&quot;:0,&quot;ftype&quot;:&quot;ftext&quot;,&quot;userhelp&quot;:&quot;&quot;,&quot;userhelpTooltip&quot;:&quot;&quot;,&quot;csslayout&quot;:&quot;&quot;,&quot;title&quot;:&quot;Imi\\u0119&quot;,&quot;predefined&quot;:&quot;&quot;,&quot;predefinedClick&quot;:false,&quot;required&quot;:true,&quot;size&quot;:&quot;small&quot;,&quot;minlength&quot;:&quot;&quot;,&quot;maxlength&quot;:&quot;&quot;,&quot;equalTo&quot;:&quot;&quot;,&quot;fBuild&quot;:{}},{&quot;form_identifier&quot;:&quot;&quot;,&quot;name&quot;:&quot;fieldname4&quot;,&quot;shortlabel&quot;:&quot;&quot;,&quot;index&quot;:1,&quot;ftype&quot;:&quot;ftext&quot;,&quot;userhelp&quot;:&quot;&quot;,&quot;userhelpTooltip&quot;:&quot;&quot;,&quot;csslayout&quot;:&quot;&quot;,&quot;title&quot;:&quot;Nazwisko&quot;,&quot;predefined&quot;:&quot;&quot;,&quot;predefinedClick&quot;:false,&quot;required&quot;:true,&quot;size&quot;:&quot;small&quot;,&quot;minlength&quot;:&quot;&quot;,&quot;maxlength&quot;:&quot;&quot;,&quot;equalTo&quot;:&quot;&quot;,&quot;fBuild&quot;:{}},{&quot;form_identifier&quot;:&quot;&quot;,&quot;name&quot;:&quot;fieldname8&quot;,&quot;shortlabel&quot;:&quot;&quot;,&quot;index&quot;:2,&quot;ftype&quot;:&quot;fPhone&quot;,&quot;userhelp&quot;:&quot;&quot;,&quot;userhelpTooltip&quot;:false,&quot;csslayout&quot;:&quot;&quot;,&quot;title&quot;:&quot;Telefon&quot;,&quot;required&quot;:true,&quot;readonly&quot;:false,&quot;dformat&quot;:&quot;##### ######&quot;,&quot;predefined&quot;:&quot;&quot;,&quot;predefinedClick&quot;:true,&quot;fBuild&quot;:{}},{&quot;form_identifier&quot;:&quot;&quot;,&quot;name&quot;:&quot;email&quot;,&quot;shortlabel&quot;:&quot;&quot;,&quot;index&quot;:3,&quot;ftype&quot;:&quot;femail&quot;,&quot;userhelp&quot;:&quot;&quot;,&quot;userhelpTooltip&quot;:&quot;&quot;,&quot;csslayout&quot;:&quot;&quot;,&quot;title&quot;:&quot;Email&quot;,&quot;predefined&quot;:&quot;&quot;,&quot;predefinedClick&quot;:false,&quot;required&quot;:true,&quot;size&quot;:&quot;medium&quot;,&quot;equalTo&quot;:&quot;&quot;,&quot;fBuild&quot;:{}},{&quot;form_identifier&quot;:&quot;&quot;,&quot;name&quot;:&quot;fieldname6&quot;,&quot;shortlabel&quot;:&quot;&quot;,&quot;index&quot;:4,&quot;ftype&quot;:&quot;ftext&quot;,&quot;userhelp&quot;:&quot;&quot;,&quot;userhelpTooltip&quot;:&quot;&quot;,&quot;csslayout&quot;:&quot;message&quot;,&quot;title&quot;:&quot;Jak mog\\u0119 ci pom\\u00f3c\\u2026&quot;,&quot;predefined&quot;:&quot;&quot;,&quot;predefinedClick&quot;:false,&quot;required&quot;:false,&quot;size&quot;:&quot;large&quot;,&quot;minlength&quot;:&quot;&quot;,&quot;maxlength&quot;:&quot;&quot;,&quot;equalTo&quot;:&quot;&quot;,&quot;fBuild&quot;:{}},{&quot;form_identifier&quot;:&quot;&quot;,&quot;name&quot;:&quot;fieldname13&quot;,&quot;shortlabel&quot;:&quot;&quot;,&quot;index&quot;:5,&quot;ftype&quot;:&quot;fdropdown&quot;,&quot;userhelp&quot;:&quot;Please select a service&quot;,&quot;userhelpTooltip&quot;:false,&quot;csslayout&quot;:&quot;&quot;,&quot;title&quot;:&quot;What do you need help with?&quot;,&quot;size&quot;:&quot;small&quot;,&quot;required&quot;:true,&quot;choiceSelected&quot;:&quot; - &quot;,&quot;showDep&quot;:false,&quot;choices&quot;:[&quot;&quot;,&quot;Addiction&quot;,&quot;Anxiety&quot;,&quot;Children&quot;,&quot;Depression&quot;],&quot;choicesVal&quot;:[&quot;&quot;,&quot;Addiction&quot;,&quot;Anxiety&quot;,&quot;Children&quot;,&quot;Depression&quot;],&quot;choicesDep&quot;:[[],[],[],[],[]],&quot;fBuild&quot;:{}},{&quot;form_identifier&quot;:&quot;&quot;,&quot;name&quot;:&quot;fieldname10&quot;,&quot;shortlabel&quot;:&quot;&quot;,&quot;index&quot;:6,&quot;ftype&quot;:&quot;fradio&quot;,&quot;userhelp&quot;:&quot;&quot;,&quot;userhelpTooltip&quot;:false,&quot;csslayout&quot;:&quot;&quot;,&quot;title&quot;:&quot;Jeste\\u015b nowym lub istniej\\u0105cym klientem?&quot;,&quot;layout&quot;:&quot;one_column&quot;,&quot;required&quot;:true,&quot;choiceSelected&quot;:&quot;&quot;,&quot;showDep&quot;:false,&quot;choices&quot;:[&quot;Nowy&quot;,&quot;Istniej\\u0105cy&quot;],&quot;choicesVal&quot;:[&quot;nowy&quot;,&quot;istniejacy&quot;],&quot;choicesDep&quot;:[[],[]],&quot;fBuild&quot;:{}},{&quot;form_identifier&quot;:&quot;&quot;,&quot;name&quot;:&quot;fieldname1&quot;,&quot;shortlabel&quot;:&quot;&quot;,&quot;index&quot;:7,&quot;ftype&quot;:&quot;fapp&quot;,&quot;userhelp&quot;:&quot;Prosz\\u0119 wybra\\u0107 dat\\u0119 i godzin\\u0119 wizyty.&quot;,&quot;userhelpTooltip&quot;:false,&quot;csslayout&quot;:&quot;service_with_dropdown_dependent&quot;,&quot;title&quot;:&quot;Temat spotkania&quot;,&quot;services&quot;:[{&quot;name&quot;:&quot;Online&quot;,&quot;price&quot;:40,&quot;capacity&quot;:1,&quot;duration&quot;:&quot;50&quot;,&quot;pb&quot;:0,&quot;pa&quot;:10,&quot;ohindex&quot;:0,&quot;idx&quot;:1},{&quot;name&quot;:&quot;Osobi\\u015bcie&quot;,&quot;price&quot;:50,&quot;capacity&quot;:1,&quot;duration&quot;:&quot;50&quot;,&quot;pb&quot;:0,&quot;pa&quot;:10,&quot;ohindex&quot;:0,&quot;idx&quot;:3}],&quot;openhours&quot;:[],&quot;allOH&quot;:[{&quot;name&quot;:&quot;Default&quot;,&quot;openhours&quot;:[{&quot;type&quot;:&quot;d2&quot;,&quot;d&quot;:&quot;&quot;,&quot;h1&quot;:&quot;17&quot;,&quot;m1&quot;:&quot;0&quot;,&quot;h2&quot;:&quot;20&quot;,&quot;m2&quot;:&quot;0&quot;},{&quot;type&quot;:&quot;d1&quot;,&quot;d&quot;:&quot;&quot;,&quot;h1&quot;:&quot;9&quot;,&quot;m1&quot;:&quot;0&quot;,&quot;h2&quot;:&quot;19&quot;,&quot;m2&quot;:&quot;0&quot;},{&quot;type&quot;:&quot;d2&quot;,&quot;d&quot;:&quot;&quot;,&quot;h1&quot;:&quot;9&quot;,&quot;m1&quot;:&quot;0&quot;,&quot;h2&quot;:&quot;15&quot;,&quot;m2&quot;:&quot;0&quot;},{&quot;type&quot;:&quot;d3&quot;,&quot;d&quot;:&quot;&quot;,&quot;h1&quot;:&quot;9&quot;,&quot;m1&quot;:&quot;0&quot;,&quot;h2&quot;:&quot;14&quot;,&quot;m2&quot;:&quot;0&quot;},{&quot;type&quot;:&quot;d3&quot;,&quot;d&quot;:&quot;&quot;,&quot;h1&quot;:&quot;16&quot;,&quot;m1&quot;:&quot;0&quot;,&quot;h2&quot;:&quot;19&quot;,&quot;m2&quot;:&quot;0&quot;},{&quot;type&quot;:&quot;d4&quot;,&quot;d&quot;:&quot;&quot;,&quot;h1&quot;:&quot;9&quot;,&quot;m1&quot;:&quot;0&quot;,&quot;h2&quot;:&quot;19&quot;,&quot;m2&quot;:&quot;0&quot;},{&quot;type&quot;:&quot;d5&quot;,&quot;d&quot;:&quot;&quot;,&quot;h1&quot;:&quot;9&quot;,&quot;m1&quot;:&quot;0&quot;,&quot;h2&quot;:&quot;18&quot;,&quot;m2&quot;:&quot;0&quot;}]}],&quot;dateFormat&quot;:&quot;dd\\\/mm\\\/yy&quot;,&quot;showDropdown&quot;:false,&quot;showTotalCost&quot;:true,&quot;showTotalCostFormat&quot;:&quot;\\u00a3 {0}&quot;,&quot;showEndTime&quot;:true,&quot;showQuantity&quot;:false,&quot;usedSlotsCheckbox&quot;:false,&quot;avoidOverlaping&quot;:true,&quot;emptySelectCheckbox&quot;:true,&quot;emptySelect&quot;:&quot;Prosz\\u0119 wybra\\u0107&quot;,&quot;dropdownRange&quot;:&quot;-10:+10&quot;,&quot;working_dates&quot;:[false,true,true,true,true,true,false],&quot;numberOfMonths&quot;:&quot;1&quot;,&quot;maxNumberOfApp&quot;:&quot;1&quot;,&quot;firstDay&quot;:&quot;1&quot;,&quot;minDate&quot;:&quot;2&quot;,&quot;maxDate&quot;:&quot;&quot;,&quot;defaultDate&quot;:&quot;&quot;,&quot;invalidDates&quot;:&quot;&quot;,&quot;tmpinvalidDates&quot;:&quot;&quot;,&quot;required&quot;:true,&quot;bSlotsCheckbox&quot;:false,&quot;bSlots&quot;:&quot;60&quot;,&quot;militaryTime&quot;:1,&quot;autonum&quot;:7,&quot;autonumStaff&quot;:0,&quot;fBuild&quot;:{},&quot;special_days&quot;:[],&quot;minDateTmp&quot;:&quot;2&quot;,&quot;getMinDate&quot;:{},&quot;tmpinvalidDatestime&quot;:[]},{&quot;form_identifier&quot;:&quot;&quot;,&quot;name&quot;:&quot;fieldname7&quot;,&quot;shortlabel&quot;:&quot;&quot;,&quot;index&quot;:8,&quot;ftype&quot;:&quot;fradio&quot;,&quot;userhelp&quot;:&quot;Google Meet: https:\\\/\\\/meet.google.com\\\/ | Skype: https:\\\/\\\/www.skype.com\\\/en\\\/get-skype\\\/&quot;,&quot;userhelpTooltip&quot;:false,&quot;csslayout&quot;:&quot;service_dependent hide&quot;,&quot;title&quot;:&quot;Z jakiej platformy chcesz skorzysta\\u0107 podczas konsultacji?&quot;,&quot;layout&quot;:&quot;one_column&quot;,&quot;required&quot;:true,&quot;choiceSelected&quot;:&quot;&quot;,&quot;showDep&quot;:false,&quot;choices&quot;:[&quot;Google Meet&quot;,&quot;Skype&quot;],&quot;choicesVal&quot;:[&quot;Google Meet&quot;,&quot;Skype&quot;],&quot;choicesDep&quot;:[[],[]],&quot;fBuild&quot;:{}},{&quot;form_identifier&quot;:&quot;&quot;,&quot;name&quot;:&quot;fieldname3&quot;,&quot;shortlabel&quot;:&quot;&quot;,&quot;index&quot;:9,&quot;ftype&quot;:&quot;facceptance&quot;,&quot;userhelp&quot;:&quot;&quot;,&quot;userhelpTooltip&quot;:&quot;&quot;,&quot;csslayout&quot;:&quot;&quot;,&quot;title&quot;:&quot;Akceptuj\\u0119 zasady i warunki&quot;,&quot;value&quot;:&quot;Akceptuj\\u0119&quot;,&quot;url&quot;:&quot;regulamin&quot;,&quot;message&quot;:&quot;&quot;,&quot;required&quot;:true,&quot;fBuild&quot;:{}},{&quot;form_identifier&quot;:&quot;&quot;,&quot;name&quot;:&quot;fieldname12&quot;,&quot;shortlabel&quot;:&quot;&quot;,&quot;index&quot;:10,&quot;ftype&quot;:&quot;fhtml&quot;,&quot;userhelp&quot;:&quot;&quot;,&quot;userhelpTooltip&quot;:false,&quot;csslayout&quot;:&quot;&quot;,&quot;fcontent&quot;:&quot;&lt;b&gt;Spotkanie jest potwierdzane dopiero po dokonaniu p\\u0142atno\\u015bci&lt;\\\/b&gt;&quot;,&quot;fBuild&quot;:{},&quot;title&quot;:&quot;&quot;}],[{&quot;title&quot;:&quot;&quot;,&quot;description&quot;:&quot;&quot;,&quot;formlayout&quot;:&quot;top_aligned&quot;,&quot;formtemplate&quot;:&quot;ahb_m2&quot;,&quot;evalequations&quot;:1,&quot;autocomplete&quot;:1,&quot;autofocus&quot;:false}]]\" \/><input type=\"hidden\" name=\"refpage_1\" id=\"refpage_1\" value=\"\"><input type=\"hidden\" name=\"cp_appbooking_pform_status\" value=\"0\" \/><input name=\"anonce\" type=\"hidden\" value=\"c3371e1915\"\/><div id=\"fbuilder\">    \r\n    <div id=\"fbuilder_1\">\r\n        <div id=\"formheader_1\"><\/div>\r\n        <div id=\"fieldlist_1\"><\/div>\r\n    <\/div>\r\n<\/div>    \r\n<div style=\"display:none\">\r\n<div id=\"cpcaptchalayer_1\" class=\"cpcaptchalayer\">\r\n <div class=\"fields\" id=\"field-c0\" style=\"display:none\">\r\n    <label><\/label>\r\n    <div class=\"dfield\"><!--addons-payment-options--><\/div>\r\n    <div class=\"clearer\"><\/div>\r\n <\/div><!--addons-payment-fields-->\r\n<div style=\"margin-top:20px;\" class=\"g-recaptcha\" data-sitekey=\"6Lc6-aMcAAAAAB0-q1y-qu3N5yfUWypqRsXnHWBu\" ><\/div><div style=\"clear:both\">&nbsp;<\/div><!-- rcadon -->\r\n<\/div>\r\n<\/div>\r\n<div id=\"cp_subbtn_1\" class=\"cp_subbtn\">Proceed to payment<\/div>\r\n<div style=\"clear:both;\"><\/div>\r\n<input type=\"hidden\" name=\"cpapphbcdef0\" value=\"\"><input type=\"hidden\" name=\"trp-form-language\" value=\"en\"\/><\/form>\r\n                                  <!--noptimize-->\n                 <link href=\"https:\/\/psycholog-online.co.uk\/wp-content\/plugins\/appointment-hour-booking\/css\/stylepublic.css\" type=\"text\/css\" rel=\"stylesheet\" \/>\n                 <link href=\"https:\/\/psycholog-online.co.uk\/en\/?cp_cpappb_resources=css\" type=\"text\/css\" rel=\"stylesheet\" \/>\n                 <link href=\"https:\/\/psycholog-online.co.uk\/wp-content\/plugins\/appointment-hour-booking\/css\/cupertino\/calendar.css\" type=\"text\/css\" rel=\"stylesheet\" \/>\n                 <script type='text\/javascript' src='https:\/\/psycholog-online.co.uk\/wp-content\/plugins\/appointment-hour-booking\/..\/..\/..\/wp-includes\/js\/jquery\/jquery.js'><\/script>\n                 <script type='text\/javascript' src='https:\/\/psycholog-online.co.uk\/wp-content\/plugins\/appointment-hour-booking\/..\/..\/..\/wp-includes\/js\/jquery\/ui\/core.min.js'><\/script>\n                 <script type='text\/javascript' src='https:\/\/psycholog-online.co.uk\/wp-content\/plugins\/appointment-hour-booking\/..\/..\/..\/wp-includes\/js\/jquery\/ui\/datepicker.min.js'><\/script>\n                 <script type='text\/javascript' src='https:\/\/psycholog-online.co.uk\/wp-content\/plugins\/appointment-hour-booking\/..\/..\/..\/wp-includes\/js\/jquery\/ui\/tooltip.min.js'><\/script>\n                 <script type='text\/javascript' src='https:\/\/psycholog-online.co.uk\/wp-content\/plugins\/appointment-hour-booking\/js\/languages\/jquery.ui.datepicker-pl_PL.js'><\/script>                 <script type='text\/javascript'>\n                 \/* <![CDATA[ *\/\n                 var cp_appbooking_fbuilder_config_1 = {\"obj\":\"{\\\"pub\\\":true,\\\"identifier\\\":\\\"_1\\\",\\\"messages\\\": {\\n    \\t                \\t\\\"required\\\": \\\"To pole jest wymagane.\\\",\\\"maxapp\\\": \\\"Wybierz maksymalnie {0} terminy na klienta.\\\",\\\"language\\\": \\\"pl_PL\\\",\\\"date_format\\\": \\\"dd\/mm\/yy\\\",\\n    \\t                \\t\\\"email\\\": \\\"Prosz\u0119 wpisa\u0107 aktualny adres e-mail.\\\",\\n    \\t                \\t\\\"datemmddyyyy\\\": \\\"Wprowad\u017a prawid\u0142ow\u0105 dat\u0119 w tym formacie (mm\/dd\/rrrr)\\\",\\n    \\t                \\t\\\"dateddmmyyyy\\\": \\\"Wprowad\u017a prawid\u0142ow\u0105 dat\u0119 w tym formacie (dd\/mm\/rrrr)\\\",\\n    \\t                \\t\\\"number\\\": \\\"Prosz\u0119 wprowadzi\u0107 poprawny numer.\\\",\\n    \\t                \\t\\\"digits\\\": \\\"Prosz\u0119 wpisa\u0107 tylko cyfry.\\\",\\n    \\t                \\t\\\"max\\\": \\\"Wprowad\u017a warto\u015b\u0107 mniejsz\u0105 lub r\u00f3wn\u0105 {0}.\\\",\\n    \\t                \\t\\\"min\\\": \\\"Wprowad\u017a warto\u015b\u0107 wi\u0119ksz\u0105 lub r\u00f3wn\u0105 {0}.\\\",\\\"previous\\\": \\\"Poprzedni\\\",\\\"next\\\": \\\"Kolejny\\\"\\n    \\t                }}\"};\n                 \/* ]]> *\/\n                 <\/script>\n                 <script type='text\/javascript' src='https:\/\/psycholog-online.co.uk\/en\/?cp_cpappb_resources=public&nc=1'><\/script>\n                 <script type='text\/javascript' src='https:\/\/psycholog-online.co.uk\/en\/?cp_cpappb_resources=customjs&cal=4&nc=1'><\/script><!--\/noptimize-->\n            \t\t\t\t<\/div>\n\t\t\t\t<\/div>\n\t\t\t\t\t<\/div>\n\t\t\t\t<\/div>\n\t\t\t\t<\/div>","protected":false},"excerpt":{"rendered":"<p>Administrator options Send notification emails for this booking Ignore validation of required fields? Required field validation ignored! Proceed to payment<\/p>","protected":false},"author":1,"featured_media":0,"parent":0,"menu_order":0,"comment_status":"closed","ping_status":"closed","template":"","meta":{"footnotes":""},"class_list":["post-3752","page","type-page","status-publish","hentry"],"yoast_head":"<!-- This site is optimized with the Yoast SEO plugin v27.4 - https:\/\/yoast.com\/product\/yoast-seo-wordpress\/ -->\n<title>karen - Psycholog Online<\/title>\n<meta name=\"robots\" content=\"index, follow, max-snippet:-1, max-image-preview:large, max-video-preview:-1\" \/>\n<link rel=\"canonical\" href=\"https:\/\/psycholog-online.co.uk\/en\/karen\/\" \/>\n<meta property=\"og:locale\" content=\"en_GB\" \/>\n<meta property=\"og:type\" content=\"article\" \/>\n<meta property=\"og:title\" content=\"karen - Psycholog Online\" \/>\n<meta property=\"og:description\" content=\"Administrator options Send notification emails for this booking Ignore validation of required fields? Required field validation ignored! Przejd\u017a do p\u0142atno\u015bci\" \/>\n<meta property=\"og:url\" content=\"https:\/\/psycholog-online.co.uk\/en\/karen\/\" \/>\n<meta property=\"og:site_name\" content=\"Psycholog Online\" \/>\n<meta property=\"article:modified_time\" content=\"2023-03-01T22:02:33+00:00\" \/>\n<meta name=\"twitter:card\" content=\"summary_large_image\" \/>\n<!-- \/ Yoast SEO plugin. -->","yoast_head_json":{"title":"karen - Psycholog Online","robots":{"index":"index","follow":"follow","max-snippet":"max-snippet:-1","max-image-preview":"max-image-preview:large","max-video-preview":"max-video-preview:-1"},"canonical":"https:\/\/psycholog-online.co.uk\/en\/karen\/","og_locale":"en_GB","og_type":"article","og_title":"karen - Psycholog Online","og_description":"Administrator options Send notification emails for this booking Ignore validation of required fields? Required field validation ignored! Przejd\u017a do p\u0142atno\u015bci","og_url":"https:\/\/psycholog-online.co.uk\/en\/karen\/","og_site_name":"Psycholog Online","article_modified_time":"2023-03-01T22:02:33+00:00","twitter_card":"summary_large_image","schema":{"@context":"https:\/\/schema.org","@graph":[{"@type":"WebPage","@id":"https:\/\/psycholog-online.co.uk\/karen\/","url":"https:\/\/psycholog-online.co.uk\/karen\/","name":"karen - Psycholog Online","isPartOf":{"@id":"https:\/\/psycholog-online.co.uk\/#website"},"datePublished":"2023-03-01T22:00:49+00:00","dateModified":"2023-03-01T22:02:33+00:00","breadcrumb":{"@id":"https:\/\/psycholog-online.co.uk\/karen\/#breadcrumb"},"inLanguage":"en-GB","potentialAction":[{"@type":"ReadAction","target":["https:\/\/psycholog-online.co.uk\/karen\/"]}]},{"@type":"BreadcrumbList","@id":"https:\/\/psycholog-online.co.uk\/karen\/#breadcrumb","itemListElement":[{"@type":"ListItem","position":1,"name":"Home","item":"https:\/\/psycholog-online.co.uk\/"},{"@type":"ListItem","position":2,"name":"karen"}]},{"@type":"WebSite","@id":"https:\/\/psycholog-online.co.uk\/#website","url":"https:\/\/psycholog-online.co.uk\/","name":"Online Psychologist","description":"An experienced Polish psychologist helping people improve their mental well-being","publisher":{"@id":"https:\/\/psycholog-online.co.uk\/#organization"},"potentialAction":[{"@type":"SearchAction","target":{"@type":"EntryPoint","urlTemplate":"https:\/\/psycholog-online.co.uk\/?s={search_term_string}"},"query-input":{"@type":"PropertyValueSpecification","valueRequired":true,"valueName":"search_term_string"}}],"inLanguage":"en-GB"},{"@type":"Organization","@id":"https:\/\/psycholog-online.co.uk\/#organization","name":"Online Psychologist","alternateName":"MW Counselling","url":"https:\/\/psycholog-online.co.uk\/","logo":{"@type":"ImageObject","inLanguage":"en-GB","@id":"https:\/\/psycholog-online.co.uk\/#\/schema\/logo\/image\/","url":"https:\/\/psycholog-online.co.uk\/wp-content\/uploads\/2021\/08\/psycholog-online-favicon.png","contentUrl":"https:\/\/psycholog-online.co.uk\/wp-content\/uploads\/2021\/08\/psycholog-online-favicon.png","width":94,"height":94,"caption":"Psycholog Online"},"image":{"@id":"https:\/\/psycholog-online.co.uk\/#\/schema\/logo\/image\/"}}]}},"publishpress_future_action":{"enabled":false,"date":"2026-04-22 00:37:22","action":"change-status","newStatus":"draft","terms":[],"taxonomy":"","extraData":[]},"publishpress_future_workflow_manual_trigger":{"enabledWorkflows":[]},"_links":{"self":[{"href":"https:\/\/psycholog-online.co.uk\/en\/wp-json\/wp\/v2\/pages\/3752","targetHints":{"allow":["GET"]}}],"collection":[{"href":"https:\/\/psycholog-online.co.uk\/en\/wp-json\/wp\/v2\/pages"}],"about":[{"href":"https:\/\/psycholog-online.co.uk\/en\/wp-json\/wp\/v2\/types\/page"}],"author":[{"embeddable":true,"href":"https:\/\/psycholog-online.co.uk\/en\/wp-json\/wp\/v2\/users\/1"}],"replies":[{"embeddable":true,"href":"https:\/\/psycholog-online.co.uk\/en\/wp-json\/wp\/v2\/comments?post=3752"}],"version-history":[{"count":7,"href":"https:\/\/psycholog-online.co.uk\/en\/wp-json\/wp\/v2\/pages\/3752\/revisions"}],"predecessor-version":[{"id":3759,"href":"https:\/\/psycholog-online.co.uk\/en\/wp-json\/wp\/v2\/pages\/3752\/revisions\/3759"}],"wp:attachment":[{"href":"https:\/\/psycholog-online.co.uk\/en\/wp-json\/wp\/v2\/media?parent=3752"}],"curies":[{"name":"wp","href":"https:\/\/api.w.org\/{rel}","templated":true}]}}