{"id":430,"date":"2021-04-23T18:43:41","date_gmt":"2021-04-23T18:43:41","guid":{"rendered":"http:\/\/psycholog-online.co.uk\/?page_id=430"},"modified":"2021-12-31T15:26:22","modified_gmt":"2021-12-31T15:26:22","slug":"privacy-policy","status":"publish","type":"page","link":"https:\/\/psycholog-online.co.uk\/en\/privacy-policy\/","title":{"rendered":"Polityka prywatno\u015bci"},"content":{"rendered":"<div data-elementor-type=\"wp-page\" data-elementor-id=\"430\" class=\"elementor elementor-430\" data-elementor-settings=\"{&quot;ha_cmc_init_switcher&quot;:&quot;no&quot;}\" data-elementor-post-type=\"page\">\n\t\t\t\t\t\t<section class=\"elementor-section elementor-top-section elementor-element elementor-element-6f42201 elementor-section-boxed elementor-section-height-default elementor-section-height-default\" data-id=\"6f42201\" data-element_type=\"section\" data-e-type=\"section\" data-settings=\"{&quot;_ha_eqh_enable&quot;:false}\">\n\t\t\t\t\t\t<div class=\"elementor-container elementor-column-gap-default\">\n\t\t\t\t\t<div class=\"elementor-column elementor-col-100 elementor-top-column elementor-element elementor-element-ae0821e\" data-id=\"ae0821e\" data-element_type=\"column\" data-e-type=\"column\">\n\t\t\t<div class=\"elementor-widget-wrap elementor-element-populated\">\n\t\t\t\t\t\t<div class=\"elementor-element elementor-element-ba1b7ef elementor-widget elementor-widget-text-editor\" data-id=\"ba1b7ef\" data-element_type=\"widget\" data-e-type=\"widget\" data-widget_type=\"text-editor.default\">\n\t\t\t\t<div class=\"elementor-widget-container\">\n\t\t\t\t\t\t\t\t\t<p><\/p>\n<h1 class=\"wp-block-heading\">Privacy Policy<\/h1>\n<p>The privacy policy describes the principles of our processing of information about you, including personal data and cookies, i.e. the so-called cookies.<\/p>\n<h3>General information<\/h3>\n<p>This policy applies to the website operating at the following url: <a href=\"https:\/\/psycholog-online.co.uk\/en\/\">https:\/\/psycholog-online.co.uk\/<\/a><\/p>\n<p>The website operator and personal data administrator is: Monika Wisniewska, 331 Finchampstead Road, Finchampstead, RG40 3JT<\/p>\n<p>Operator&#039;s e-mail address: <a href=\"mailto:monika@psycholog-online.co.uk\">monika@psycholog-online.co.uk<\/a><\/p>\n<p>The Operator is the Administrator of your personal data in relation to data provided voluntarily on the Website.<\/p>\n<p>The website uses personal data for the following purposes:<\/p>\n<ul>\n<li>Maintaining a comment system<\/li>\n<li>Presentation of your user profile to other users<\/li>\n<li>Handling inquiries via the form<\/li>\n<li>Presentation of an offer or information<\/li>\n<\/ul>\n<p><br \/>The website performs the functions of obtaining information about users and their behavior in the following way:<\/p>\n<ul>\n<li>By voluntarily entering data in forms that are entered into the Operator&#039;s systems.<\/li>\n<li>By saving cookies on end devices (so-called &quot;cookies&quot;)<\/li>\n<\/ul>\n<h3>Selected data protection methods used by the Operator<\/h3>\n<p>The places of logging in and entering personal data are protected in the transmission layer (SSL certificate). Thanks to this, personal data and login details entered on the website are encrypted on the user&#039;s computer and can only be read on the target server.<\/p>\n<p>The website uses two-factor authentication, which is an additional form of protection for logging in to the website.<\/p>\n<p>The operator periodically changes its administrative passwords.<\/p>\n<p>In order to protect data, the Operator regularly makes backup copies.<\/p>\n<p>An important element of data protection is the regular updating of all software used by the Operator to process personal data, which in particular means regular updates of programming components.<\/p>\n<h3>Hosting<\/h3>\n<p>The website is hosted (technically maintained) on the operator&#039;s server: ionos.co.uk<\/p>\n<h3>Your rights and additional information about how your data is used<\/h3>\n<p>In some situations, the Administrator has the right to transfer your personal data to other recipients if it is necessary to perform the contract concluded with you or to fulfill the obligations imposed on the Administrator. This applies to the following target groups:<\/p>\n<p>hosting company on an entrusted basis<\/p>\n<p>comment system operators<\/p>\n<p>Your personal data processed by the Administrator no longer than is necessary to perform related activities specified in separate regulations (e.g. accounting). With respect to marketing data, data will not be processed for longer than 3 years.<\/p>\n<p>You have the right to request from the Administrator:<\/p>\n<ul>\n<li>access to your personal data and receiving a copy thereof,<\/li>\n<li>their corrections,<\/li>\n<li>deletion,<\/li>\n<li>processing restrictions,<\/li>\n<li>the right to object to data processing,<\/li>\n<li>and data transfer.<\/li>\n<\/ul>\n<p><br>You may complain about the Administrator&#039;s actions to the President of the Personal Data Protection Office<\/p>\n<p>Providing personal data is voluntary, but necessary to operate the Website.<\/p>\n<p>Activities involving automated decision-making may be undertaken in relation to you, including profiling, in order to provide services under the concluded contract and for the purpose of conducting direct marketing by the Administrator.<\/p>\n<p>Personal data is not transferred from third countries within the meaning of personal data protection regulations. This means that we do not send them outside the UK or European Union.<\/p>\n<h3>Information in forms<\/h3>\n<p>The website collects information provided voluntarily by the user, including personal data, if provided.<\/p>\n<p>The website may save information about connection parameters (time stamp, IP address).<\/p>\n<p>In some cases, the website may save information that makes it easier to link the data in the form with the e-mail address of the user completing the form. In this case, the user&#039;s e-mail address appears inside the URL of the page containing the form.<\/p>\n<p>The data provided in the form is processed for the purpose resulting from the function of a specific form, e.g. to process a service request or a commercial contact, register services, etc. Each time, the context and description of the form clearly inform what it is used for.<\/p>\n<h3>Administrator Logs<\/h3>\n<p>Information about user behavior on the website may be logged at the server layer. This data is used to administer the website.<\/p>\n<p>The operator uses a solution that examines user behavior by creating heat maps and recording behavior on the website. This information is anonymized before it is sent to the service operator so that it does not know which natural person it relates to. In particular, entered passwords and other personal data are not recorded.<\/p>\n<p>The Operator uses a solution that automates the operation of the Website for users, e.g., which can send an e-mail to the user after visiting a specific subpage, provided that he or she has agreed to receive commercial correspondence from the Operator.<\/p>\n<p>The Operator may use profiling within the meaning of the provisions on the protection of personal data<\/p>\n<h3>Information about cookies<\/h3>\n<p>The website uses cookies.<\/p>\n<p>Cookies (so-called &quot;cookies&quot;) are IT data, in particular text files, which are stored on the Website User&#039;s end device and are intended for using the Website&#039;s websites. Cookies usually contain the name of the website they come from, their storage time on the end device and a unique number.<\/p>\n<p>The entity that places cookies on the Website User&#039;s end device and obtains access to them is the Website operator.<\/p>\n<p>Cookies are used for the following purposes:<\/p>\n<ul>\n<li>maintaining the Website user&#039;s session (after logging in), thanks to which the user does not have to re-enter the login and password on each subpage of the Website;<\/li>\n<li>providing content to users electronically;<\/li>\n<li>improving the quality of the Website.<\/li>\n<\/ul>\n<p><br>The Website uses two basic types of cookies: &quot;session cookies&quot; and &quot;persistent cookies&quot;. &quot;Session&quot; cookies are temporary files that are stored on the User&#039;s end device until logging out, leaving the website or turning off the software (web browser). &quot;Permanent&quot; cookies are stored on the User&#039;s end device for the time specified in the cookie parameters or until they are deleted by the User.<\/p>\n<p>Software for browsing websites (web browser) usually allows cookies to be stored on the User&#039;s end device by default. Website users may change the settings in this regard. The web browser allows you to delete cookies. It is also possible to automatically block cookies. Detailed information on this subject can be found in the help or documentation of your web browser.<\/p>\n<p><span style=\"font-weight: 400;\">Restrictions on the use of cookies may affect some of the functionalities available on the Website.<\/span><\/p>\n<p>Cookies placed on the Website User&#039;s end device may also be used by entities cooperating with the Website operator, in particular the following companies: Google (Google Inc. based in the USA), Facebook (Facebook Inc. based in the USA), Twitter (Twitter Inc. based in the USA).<\/p>\n<h3>Managing cookies \u2013 how to express and withdraw consent in practice?<\/h3>\n<p>If you do not want to receive cookies, you can change your browser settings. We reserve that disabling the use of cookies necessary for authentication processes, security, maintaining user preferences may make it difficult, and in extreme cases may prevent the use of websites.<\/p>\n<p><\/p>\t\t\t\t\t\t\t\t<\/div>\n\t\t\t\t<\/div>\n\t\t\t\t\t<\/div>\n\t\t<\/div>\n\t\t\t\t\t<\/div>\n\t\t<\/section>\n\t\t\t\t<\/div>","protected":false},"excerpt":{"rendered":"<p>Privacy Policy The Privacy Policy describes the principles of our processing of information about you, including personal data and cookies, i.e. the so-called cookies. General information This policy applies to the website operating at the url address: https:\/\/psycholog-online.co.uk\/ The website operator and Personal Data Administrator is: Monika Wisniewska, 331 Finchampstead Road, Finchampstead, RG40 3JT Operator&#039;s e-mail contact address: monika@psycholog-online.co.uk [\u2026]<\/p>","protected":false},"author":1,"featured_media":0,"parent":0,"menu_order":0,"comment_status":"closed","ping_status":"closed","template":"","meta":{"footnotes":""},"class_list":["post-430","page","type-page","status-publish","hentry"],"yoast_head":"<!-- This site is optimized with the Yoast SEO plugin v27.4 - https:\/\/yoast.com\/product\/yoast-seo-wordpress\/ -->\n<title>Privacy Policy - Psycholog Online<\/title>\n<meta name=\"robots\" content=\"index, follow, max-snippet:-1, max-image-preview:large, max-video-preview:-1\" \/>\n<link rel=\"canonical\" href=\"https:\/\/psycholog-online.co.uk\/en\/privacy-policy\/\" \/>\n<meta property=\"og:locale\" content=\"en_GB\" \/>\n<meta property=\"og:type\" content=\"article\" \/>\n<meta property=\"og:title\" content=\"Privacy Policy - Psycholog Online\" \/>\n<meta property=\"og:description\" content=\"Polityka prywatno\u015bci Polityka prywatno\u015bci opisuje zasady przetwarzania przez nas informacji na Tw\u00f3j temat, w tym danych osobowych oraz ciasteczek, czyli tzw. cookies. Informacje og\u00f3lne Niniejsza polityka dotyczy Serwisu www, funkcjonuj\u0105cego pod adresem url: https:\/\/psycholog-online.co.uk\/ Operatorem serwisu oraz Administratorem danych osobowych jest: Monika Wisniewska, 331 Finchampstead Road, Finchampstead, RG40 3JT Adres kontaktowy poczty elektronicznej operatora: monika@psycholog-online.co.uk [&hellip;]\" \/>\n<meta property=\"og:url\" content=\"https:\/\/psycholog-online.co.uk\/en\/privacy-policy\/\" \/>\n<meta property=\"og:site_name\" content=\"Psycholog Online\" \/>\n<meta property=\"article:modified_time\" content=\"2021-12-31T15:26:22+00:00\" \/>\n<meta name=\"twitter:card\" content=\"summary_large_image\" \/>\n<!-- \/ Yoast SEO plugin. -->","yoast_head_json":{"title":"Privacy Policy - Psychologist Online","robots":{"index":"index","follow":"follow","max-snippet":"max-snippet:-1","max-image-preview":"max-image-preview:large","max-video-preview":"max-video-preview:-1"},"canonical":"https:\/\/psycholog-online.co.uk\/en\/privacy-policy\/","og_locale":"en_GB","og_type":"article","og_title":"Privacy Policy - Psycholog Online","og_description":"Polityka prywatno\u015bci Polityka prywatno\u015bci opisuje zasady przetwarzania przez nas informacji na Tw\u00f3j temat, w tym danych osobowych oraz ciasteczek, czyli tzw. cookies. Informacje og\u00f3lne Niniejsza polityka dotyczy Serwisu www, funkcjonuj\u0105cego pod adresem url: https:\/\/psycholog-online.co.uk\/ Operatorem serwisu oraz Administratorem danych osobowych jest: Monika Wisniewska, 331 Finchampstead Road, Finchampstead, RG40 3JT Adres kontaktowy poczty elektronicznej operatora: monika@psycholog-online.co.uk [&hellip;]","og_url":"https:\/\/psycholog-online.co.uk\/en\/privacy-policy\/","og_site_name":"Psycholog Online","article_modified_time":"2021-12-31T15:26:22+00:00","twitter_card":"summary_large_image","schema":{"@context":"https:\/\/schema.org","@graph":[{"@type":"WebPage","@id":"https:\/\/psycholog-online.co.uk\/privacy-policy\/","url":"https:\/\/psycholog-online.co.uk\/privacy-policy\/","name":"Privacy Policy - Psychologist Online","isPartOf":{"@id":"https:\/\/psycholog-online.co.uk\/#website"},"datePublished":"2021-04-23T18:43:41+00:00","dateModified":"2021-12-31T15:26:22+00:00","breadcrumb":{"@id":"https:\/\/psycholog-online.co.uk\/privacy-policy\/#breadcrumb"},"inLanguage":"en-GB","potentialAction":[{"@type":"ReadAction","target":["https:\/\/psycholog-online.co.uk\/privacy-policy\/"]}]},{"@type":"BreadcrumbList","@id":"https:\/\/psycholog-online.co.uk\/privacy-policy\/#breadcrumb","itemListElement":[{"@type":"ListItem","position":1,"name":"Home","item":"https:\/\/psycholog-online.co.uk\/"},{"@type":"ListItem","position":2,"name":"Privacy Policy"}]},{"@type":"WebSite","@id":"https:\/\/psycholog-online.co.uk\/#website","url":"https:\/\/psycholog-online.co.uk\/","name":"Online Psychologist","description":"An experienced Polish psychologist helping people improve their mental well-being","publisher":{"@id":"https:\/\/psycholog-online.co.uk\/#organization"},"potentialAction":[{"@type":"SearchAction","target":{"@type":"EntryPoint","urlTemplate":"https:\/\/psycholog-online.co.uk\/?s={search_term_string}"},"query-input":{"@type":"PropertyValueSpecification","valueRequired":true,"valueName":"search_term_string"}}],"inLanguage":"en-GB"},{"@type":"Organization","@id":"https:\/\/psycholog-online.co.uk\/#organization","name":"Online Psychologist","alternateName":"MW Counselling","url":"https:\/\/psycholog-online.co.uk\/","logo":{"@type":"ImageObject","inLanguage":"en-GB","@id":"https:\/\/psycholog-online.co.uk\/#\/schema\/logo\/image\/","url":"https:\/\/psycholog-online.co.uk\/wp-content\/uploads\/2021\/08\/psycholog-online-favicon.png","contentUrl":"https:\/\/psycholog-online.co.uk\/wp-content\/uploads\/2021\/08\/psycholog-online-favicon.png","width":94,"height":94,"caption":"Psycholog Online"},"image":{"@id":"https:\/\/psycholog-online.co.uk\/#\/schema\/logo\/image\/"}}]}},"publishpress_future_action":{"enabled":false,"date":"2026-04-21 23:16:33","action":"change-status","newStatus":"draft","terms":[],"taxonomy":"","extraData":[]},"publishpress_future_workflow_manual_trigger":{"enabledWorkflows":[]},"_links":{"self":[{"href":"https:\/\/psycholog-online.co.uk\/en\/wp-json\/wp\/v2\/pages\/430","targetHints":{"allow":["GET"]}}],"collection":[{"href":"https:\/\/psycholog-online.co.uk\/en\/wp-json\/wp\/v2\/pages"}],"about":[{"href":"https:\/\/psycholog-online.co.uk\/en\/wp-json\/wp\/v2\/types\/page"}],"author":[{"embeddable":true,"href":"https:\/\/psycholog-online.co.uk\/en\/wp-json\/wp\/v2\/users\/1"}],"replies":[{"embeddable":true,"href":"https:\/\/psycholog-online.co.uk\/en\/wp-json\/wp\/v2\/comments?post=430"}],"version-history":[{"count":28,"href":"https:\/\/psycholog-online.co.uk\/en\/wp-json\/wp\/v2\/pages\/430\/revisions"}],"predecessor-version":[{"id":2848,"href":"https:\/\/psycholog-online.co.uk\/en\/wp-json\/wp\/v2\/pages\/430\/revisions\/2848"}],"wp:attachment":[{"href":"https:\/\/psycholog-online.co.uk\/en\/wp-json\/wp\/v2\/media?parent=430"}],"curies":[{"name":"wp","href":"https:\/\/api.w.org\/{rel}","templated":true}]}}