{"id":488,"date":"2021-04-23T20:32:35","date_gmt":"2021-04-23T20:32:35","guid":{"rendered":"http:\/\/psycholog-online.co.uk\/?page_id=488"},"modified":"2023-12-30T12:53:06","modified_gmt":"2023-12-30T12:53:06","slug":"kontakt","status":"publish","type":"page","link":"https:\/\/psycholog-online.co.uk\/en\/kontakt\/","title":{"rendered":"Contact"},"content":{"rendered":"<div data-elementor-type=\"wp-page\" data-elementor-id=\"488\" class=\"elementor elementor-488\" data-elementor-settings=\"{&quot;ha_cmc_init_switcher&quot;:&quot;no&quot;}\" data-elementor-post-type=\"page\">\n\t\t\t\t\t\t<section class=\"elementor-section elementor-top-section elementor-element elementor-element-539c1b63 elementor-section-full_width elementor-section-height-min-height elementor-section-items-stretch elementor-section-content-middle elementor-reverse-mobile elementor-reverse-tablet elementor-section-height-default\" data-id=\"539c1b63\" data-element_type=\"section\" data-e-type=\"section\" data-settings=\"{&quot;_ha_eqh_enable&quot;:false}\">\n\t\t\t\t\t\t<div class=\"elementor-container elementor-column-gap-no\">\n\t\t\t\t\t<div class=\"elementor-column elementor-col-50 elementor-top-column elementor-element elementor-element-3086147f\" data-id=\"3086147f\" data-element_type=\"column\" data-e-type=\"column\">\n\t\t\t<div class=\"elementor-widget-wrap elementor-element-populated\">\n\t\t\t\t\t\t<div class=\"elementor-element elementor-element-4388084a animated-fast elementor-invisible elementor-widget elementor-widget-heading\" data-id=\"4388084a\" data-element_type=\"widget\" data-e-type=\"widget\" data-settings=\"{&quot;_animation&quot;:&quot;fadeIn&quot;}\" data-widget_type=\"heading.default\">\n\t\t\t\t<div class=\"elementor-widget-container\">\n\t\t\t\t\t<h1 class=\"elementor-heading-title elementor-size-default\">Contact<\/h1>\t\t\t\t<\/div>\n\t\t\t\t<\/div>\n\t\t\t\t<div class=\"elementor-element elementor-element-15841ef9 elementor-invisible elementor-widget elementor-widget-text-editor\" data-id=\"15841ef9\" data-element_type=\"widget\" data-e-type=\"widget\" data-settings=\"{&quot;_animation&quot;:&quot;fadeIn&quot;}\" data-widget_type=\"text-editor.default\">\n\t\t\t\t<div class=\"elementor-widget-container\">\n\t\t\t\t\t\t\t\t\t<h5>Complete the form if any of the following statements describe how you are feeling right now:<\/h5><ul><li class=\"p1\">If you feel that the way you live so far does not bring you satisfaction and peace.<\/li><li class=\"p1\">If you feel overwhelmed.<\/li><li class=\"p1\">If you are worried about something in your functioning: you feel anxious, you suffer from depression, you experience panic attacks.<\/li><li class=\"p1\">If you have physical ailments but doctors cannot find a biological cause.<\/li><li class=\"p1\">If you feel that you are not using your full potential.<\/li><li class=\"p1\">If you see that the support and advice you receive from your loved ones are not enough for you.<\/li><li class=\"p1\">If you are ready to look at yourself and look for answers.<\/li><\/ul>\t\t\t\t\t\t\t\t<\/div>\n\t\t\t\t<\/div>\n\t\t\t\t\t<\/div>\n\t\t<\/div>\n\t\t\t\t<div class=\"elementor-column elementor-col-50 elementor-top-column elementor-element elementor-element-296df894\" data-id=\"296df894\" data-element_type=\"column\" data-e-type=\"column\" data-settings=\"{&quot;background_background&quot;:&quot;classic&quot;}\">\n\t\t\t<div class=\"elementor-widget-wrap elementor-element-populated\">\n\t\t\t\t\t\t<div class=\"elementor-element elementor-element-4e3c6aca elementor-widget elementor-widget-google_maps\" data-id=\"4e3c6aca\" data-element_type=\"widget\" data-e-type=\"widget\" data-widget_type=\"google_maps.default\">\n\t\t\t\t<div class=\"elementor-widget-container\">\n\t\t\t\t\t\t\t<div class=\"elementor-custom-embed\">\n\t\t\t<iframe\n\t\t\t\t\tdata-src=\"https:\/\/www.google.com\/maps\/embed\/v1\/place?key=AIzaSyDJOEZHm_a4h_MH2ot5UdARv9zAppdDGAc&#038;q=331%20Finchampstead%20Road%2C%20Wokingham%2C%20Berkshire%2C%20RG40%203JT&#038;zoom=11\"\n\t\t\t\t\ttitle=\"331 Finchampstead Road, Wokingham, Berkshire, RG40 3JT\"\n\t\t\t\t\taria-label=\"331 Finchampstead Road, Wokingham, Berkshire, RG40 3JT\"\n\t\t\t src=\"data:image\/svg+xml;base64,PHN2ZyB3aWR0aD0iMSIgaGVpZ2h0PSIxIiB4bWxucz0iaHR0cDovL3d3dy53My5vcmcvMjAwMC9zdmciPjwvc3ZnPg==\" class=\"lazyload\" data-load-mode=\"1\"><\/iframe>\n\t\t<\/div>\n\t\t\t\t\t\t<\/div>\n\t\t\t\t<\/div>\n\t\t\t\t\t<\/div>\n\t\t<\/div>\n\t\t\t\t\t<\/div>\n\t\t<\/section>\n\t\t\t\t<section class=\"elementor-section elementor-top-section elementor-element elementor-element-82254e4 elementor-section-boxed elementor-section-height-default elementor-section-height-default\" data-id=\"82254e4\" data-element_type=\"section\" data-e-type=\"section\" data-settings=\"{&quot;_ha_eqh_enable&quot;:false}\">\n\t\t\t\t\t\t<div class=\"elementor-container elementor-column-gap-default\">\n\t\t\t\t\t<div class=\"elementor-column elementor-col-100 elementor-top-column elementor-element elementor-element-443977f\" data-id=\"443977f\" data-element_type=\"column\" data-e-type=\"column\">\n\t\t\t<div class=\"elementor-widget-wrap elementor-element-populated\">\n\t\t\t\t\t\t<div class=\"elementor-element elementor-element-464f190 elementor-widget elementor-widget-text-editor\" data-id=\"464f190\" data-element_type=\"widget\" data-e-type=\"widget\" data-widget_type=\"text-editor.default\">\n\t\t\t\t<div class=\"elementor-widget-container\">\n\t\t\t\t\t\t\t\t\t<a name=\"#form\"><\/a>\t\t\t\t\t\t\t\t<\/div>\n\t\t\t\t<\/div>\n\t\t\t\t\t<\/div>\n\t\t<\/div>\n\t\t\t\t\t<\/div>\n\t\t<\/section>\n\t\t\t\t<section class=\"elementor-section elementor-top-section elementor-element elementor-element-e2cc6b6 elementor-section-boxed elementor-section-height-default elementor-section-height-default\" data-id=\"e2cc6b6\" data-element_type=\"section\" data-e-type=\"section\" data-settings=\"{&quot;_ha_eqh_enable&quot;:false}\">\n\t\t\t\t\t\t<div class=\"elementor-container elementor-column-gap-default\">\n\t\t\t\t\t<div class=\"elementor-column elementor-col-100 elementor-top-column elementor-element elementor-element-fa78dd1\" data-id=\"fa78dd1\" data-element_type=\"column\" data-e-type=\"column\">\n\t\t\t<div class=\"elementor-widget-wrap elementor-element-populated\">\n\t\t\t\t\t\t<div class=\"elementor-element elementor-element-6e0d18e elementor-widget elementor-widget-text-editor\" data-id=\"6e0d18e\" data-element_type=\"widget\" data-e-type=\"widget\" data-widget_type=\"text-editor.default\">\n\t\t\t\t<div class=\"elementor-widget-container\">\n\t\t\t\t\t\t\t\t\t<a name=\"form\"><\/a>\t\t\t\t\t\t\t\t<\/div>\n\t\t\t\t<\/div>\n\t\t\t\t\t<\/div>\n\t\t<\/div>\n\t\t\t\t\t<\/div>\n\t\t<\/section>\n\t\t\t\t<section class=\"elementor-section elementor-top-section elementor-element elementor-element-60022726 elementor-section-full_width elementor-section-height-min-height elementor-section-items-stretch elementor-section-content-middle elementor-section-height-default\" data-id=\"60022726\" data-element_type=\"section\" data-e-type=\"section\" data-settings=\"{&quot;_ha_eqh_enable&quot;:false}\">\n\t\t\t\t\t\t<div class=\"elementor-container elementor-column-gap-no\">\n\t\t\t\t\t<div class=\"elementor-column elementor-col-100 elementor-top-column elementor-element elementor-element-2b926a26\" data-id=\"2b926a26\" data-element_type=\"column\" data-e-type=\"column\" data-settings=\"{&quot;background_background&quot;:&quot;classic&quot;,&quot;motion_fx_motion_fx_scrolling&quot;:&quot;yes&quot;,&quot;motion_fx_translateY_effect&quot;:&quot;yes&quot;,&quot;motion_fx_translateY_direction&quot;:&quot;negative&quot;,&quot;motion_fx_translateY_speed&quot;:{&quot;unit&quot;:&quot;px&quot;,&quot;size&quot;:&quot;1.1&quot;,&quot;sizes&quot;:[]},&quot;motion_fx_devices&quot;:[&quot;desktop&quot;],&quot;motion_fx_translateY_affectedRange&quot;:{&quot;unit&quot;:&quot;%&quot;,&quot;size&quot;:&quot;&quot;,&quot;sizes&quot;:{&quot;start&quot;:0,&quot;end&quot;:100}}}\">\n\t\t\t<div class=\"elementor-widget-wrap elementor-element-populated\">\n\t\t\t\t\t\t<div class=\"elementor-element elementor-element-45447ed5 elementor-invisible elementor-widget elementor-widget-heading\" data-id=\"45447ed5\" data-element_type=\"widget\" data-e-type=\"widget\" data-settings=\"{&quot;_animation&quot;:&quot;fadeInUp&quot;}\" data-widget_type=\"heading.default\">\n\t\t\t\t<div class=\"elementor-widget-container\">\n\t\t\t\t\t<h2 class=\"elementor-heading-title elementor-size-default\">Contact form<\/h2>\t\t\t\t<\/div>\n\t\t\t\t<\/div>\n\t\t\t\t<div class=\"elementor-element elementor-element-114005e5 elementor-invisible elementor-widget elementor-widget-text-editor\" data-id=\"114005e5\" data-element_type=\"widget\" data-e-type=\"widget\" data-settings=\"{&quot;_animation&quot;:&quot;fadeIn&quot;}\" data-widget_type=\"text-editor.default\">\n\t\t\t\t<div class=\"elementor-widget-container\">\n\t\t\t\t\t\t\t\t\t<p>If you have any general questions and cannot find the answer on the FAQ page, please complete the form below.<\/p>\t\t\t\t\t\t\t\t<\/div>\n\t\t\t\t<\/div>\n\t\t\t\t<div class=\"elementor-element elementor-element-526c5866 elementor-button-align-center elementor-widget elementor-widget-form\" data-id=\"526c5866\" data-element_type=\"widget\" data-e-type=\"widget\" data-settings=\"{&quot;step_next_label&quot;:&quot;Kolejny&quot;,&quot;step_previous_label&quot;:&quot;Poprzedni&quot;,&quot;button_width&quot;:&quot;100&quot;,&quot;step_type&quot;:&quot;number_text&quot;,&quot;step_icon_shape&quot;:&quot;circle&quot;}\" data-widget_type=\"form.default\">\n\t\t\t\t<div class=\"elementor-widget-container\">\n\t\t\t\t\t\t\t<form class=\"elementor-form\" method=\"post\" name=\"Kontact\" aria-label=\"Contact\" action=\"\">\n\t\t\t<input type=\"hidden\" name=\"post_id\" value=\"488\"\/>\n\t\t\t<input type=\"hidden\" name=\"form_id\" value=\"526c5866\"\/>\n\t\t\t<input type=\"hidden\" name=\"referer_title\" value=\"Kontact MW Counselling - Psycholog Online\" \/>\n\n\t\t\t\t\t\t\t<input type=\"hidden\" name=\"queried_id\" value=\"488\"\/>\n\t\t\t\n\t\t\t<div class=\"elementor-form-fields-wrapper elementor-labels-\">\n\t\t\t\t\t\t\t\t<div class=\"elementor-field-type-text elementor-field-group elementor-column elementor-field-group-name elementor-col-50\">\n\t\t\t\t\t\t\t\t\t\t\t\t<label for=\"form-field-name\" class=\"elementor-field-label elementor-screen-only\">\n\t\t\t\t\t\t\t\tFirstname\t\t\t\t\t\t\t<\/label>\n\t\t\t\t\t\t\t\t\t\t\t\t\t\t<input size=\"1\" type=\"text\" name=\"form_fields[name]\" id=\"form-field-name\" class=\"elementor-field elementor-size-sm  elementor-field-textual\" placeholder=\"Name\">\n\t\t\t\t\t\t\t\t\t\t\t<\/div>\n\t\t\t\t\t\t\t\t<div class=\"elementor-field-type-text elementor-field-group elementor-column elementor-field-group-field_80aae16 elementor-col-50\">\n\t\t\t\t\t\t\t\t\t\t\t\t<label for=\"form-field-field_80aae16\" class=\"elementor-field-label elementor-screen-only\">\n\t\t\t\t\t\t\t\tLastname\t\t\t\t\t\t\t<\/label>\n\t\t\t\t\t\t\t\t\t\t\t\t\t\t<input size=\"1\" type=\"text\" name=\"form_fields[field_80aae16]\" id=\"form-field-field_80aae16\" class=\"elementor-field elementor-size-sm  elementor-field-textual\" placeholder=\"Last name\">\n\t\t\t\t\t\t\t\t\t\t\t<\/div>\n\t\t\t\t\t\t\t\t<div class=\"elementor-field-type-email elementor-field-group elementor-column elementor-field-group-email elementor-col-50 elementor-field-required\">\n\t\t\t\t\t\t\t\t\t\t\t\t<label for=\"form-field-email\" class=\"elementor-field-label elementor-screen-only\">\n\t\t\t\t\t\t\t\tE-mail\t\t\t\t\t\t\t<\/label>\n\t\t\t\t\t\t\t\t\t\t\t\t\t\t<input size=\"1\" type=\"email\" name=\"form_fields[email]\" id=\"form-field-email\" class=\"elementor-field elementor-size-sm  elementor-field-textual\" placeholder=\"E-mail\" required=\"required\">\n\t\t\t\t\t\t\t\t\t\t\t<\/div>\n\t\t\t\t\t\t\t\t<div class=\"elementor-field-type-tel elementor-field-group elementor-column elementor-field-group-field_2ab6dff elementor-col-50\">\n\t\t\t\t\t\t\t\t\t\t\t\t<label for=\"form-field-field_2ab6dff\" class=\"elementor-field-label elementor-screen-only\">\n\t\t\t\t\t\t\t\tTelefon\t\t\t\t\t\t\t<\/label>\n\t\t\t\t\t\t\t\t<input size=\"1\" type=\"tel\" name=\"form_fields[field_2ab6dff]\" id=\"form-field-field_2ab6dff\" class=\"elementor-field elementor-size-sm  elementor-field-textual\" placeholder=\"Telephone\" pattern=\"[0-9()#&amp;+*-=.]+\" title=\"Only numbers and phone characters (#, -, *, etc) are accepted.\" data-no-translation-title=\"\">\n\n\t\t\t\t\t\t<\/div>\n\t\t\t\t\t\t\t\t<div class=\"elementor-field-type-textarea elementor-field-group elementor-column elementor-field-group-message elementor-col-100\">\n\t\t\t\t\t\t\t\t\t\t\t\t<label for=\"form-field-message\" class=\"elementor-field-label elementor-screen-only\">\n\t\t\t\t\t\t\t\tMessage\t\t\t\t\t\t\t<\/label>\n\t\t\t\t\t\t<textarea class=\"elementor-field-textual elementor-field  elementor-size-sm\" name=\"form_fields[message]\" id=\"form-field-message\" rows=\"4\" placeholder=\"How can I help you\u2026\"><\/textarea>\t\t\t\t<\/div>\n\t\t\t\t\t\t\t\t<div class=\"elementor-field-type-recaptcha_v3 elementor-field-group elementor-column elementor-field-group-field_7997a4e elementor-col-100 recaptcha_v3-inline\">\n\t\t\t\t\t<div class=\"elementor-field\" id=\"form-field-field_7997a4e\"><div class=\"elementor-g-recaptcha\" data-sitekey=\"6Lfpcd8jAAAAANbCbThbk-iDOGFypLMOo3BCqOGm\" data-type=\"v3\" data-action=\"Form\" data-badge=\"inline\" data-size=\"invisible\"><\/div><\/div>\t\t\t\t<\/div>\n\t\t\t\t\t\t\t\t<div class=\"elementor-field-group elementor-column elementor-field-type-submit elementor-col-100 e-form__buttons\">\n\t\t\t\t\t<button class=\"elementor-button elementor-size-sm\" type=\"submit\">\n\t\t\t\t\t\t<span class=\"elementor-button-content-wrapper\">\n\t\t\t\t\t\t\t\t\t\t\t\t\t\t\t\t\t\t\t\t\t\t<span class=\"elementor-button-text\">Confirm<\/span>\n\t\t\t\t\t\t\t\t\t\t\t\t\t<\/span>\n\t\t\t\t\t<\/button>\n\t\t\t\t<\/div>\n\t\t\t<\/div>\n\t\t<input type=\"hidden\" name=\"trp-form-language\" value=\"en\"\/><\/form>\n\t\t\t\t\t\t<\/div>\n\t\t\t\t<\/div>\n\t\t\t\t\t<\/div>\n\t\t<\/div>\n\t\t\t\t\t<\/div>\n\t\t<\/section>\n\t\t\t\t<\/div>","protected":false},"excerpt":{"rendered":"<p>Contact Fill out the form if any of the following statements describe how you feel at the moment: If you feel that the way you live so far does not bring you satisfaction and peace. If you feel overwhelmed. If you are worried about something in your functioning: you feel anxious, you suffer from depression, you experience panic attacks. If you have physical problems, [\u2026]<\/p>","protected":false},"author":1,"featured_media":690,"parent":0,"menu_order":0,"comment_status":"closed","ping_status":"closed","template":"","meta":{"footnotes":""},"class_list":["post-488","page","type-page","status-publish","has-post-thumbnail","hentry"],"yoast_head":"<!-- This site is optimized with the Yoast SEO plugin v27.4 - https:\/\/yoast.com\/product\/yoast-seo-wordpress\/ -->\n<title>Kontact MW Counselling - Psycholog Online<\/title>\n<meta name=\"description\" content=\"Rozmowa z psychologiem mo\u017ce pom\u00f3c w dobrym samopoczuciu psychicznym. Skontaktuj si\u0119 ze mn\u0105, je\u015bli chcesz um\u00f3wi\u0107 si\u0119 na konsultacj\u0119.\" \/>\n<meta name=\"robots\" content=\"index, follow, max-snippet:-1, max-image-preview:large, max-video-preview:-1\" \/>\n<link rel=\"canonical\" href=\"https:\/\/psycholog-online.co.uk\/en\/kontakt\/\" \/>\n<meta property=\"og:locale\" content=\"en_GB\" \/>\n<meta property=\"og:type\" content=\"article\" \/>\n<meta property=\"og:title\" content=\"Kontact MW Counselling - Psycholog Online\" \/>\n<meta property=\"og:description\" content=\"Rozmowa z psychologiem mo\u017ce pom\u00f3c w dobrym samopoczuciu psychicznym. Skontaktuj si\u0119 ze mn\u0105, je\u015bli chcesz um\u00f3wi\u0107 si\u0119 na konsultacj\u0119.\" \/>\n<meta property=\"og:url\" content=\"https:\/\/psycholog-online.co.uk\/en\/kontakt\/\" \/>\n<meta property=\"og:site_name\" content=\"Psycholog Online\" \/>\n<meta property=\"article:modified_time\" content=\"2023-12-30T12:53:06+00:00\" \/>\n<meta property=\"og:image\" content=\"https:\/\/psycholog-online.co.uk\/wp-content\/uploads\/2021\/07\/monika-psycholog-online-portrait-1.jpg\" \/>\n\t<meta property=\"og:image:width\" content=\"958\" \/>\n\t<meta property=\"og:image:height\" content=\"856\" \/>\n\t<meta property=\"og:image:type\" content=\"image\/jpeg\" \/>\n<meta name=\"twitter:card\" content=\"summary_large_image\" \/>\n<!-- \/ Yoast SEO plugin. -->","yoast_head_json":{"title":"Contact MW Counseling - Online Psychologist","description":"Talking to a psychologist can help you feel better. Contact me if you&#039;d like to schedule a consultation.","robots":{"index":"index","follow":"follow","max-snippet":"max-snippet:-1","max-image-preview":"max-image-preview:large","max-video-preview":"max-video-preview:-1"},"canonical":"https:\/\/psycholog-online.co.uk\/en\/kontakt\/","og_locale":"en_GB","og_type":"article","og_title":"Kontact MW Counselling - Psycholog Online","og_description":"Rozmowa z psychologiem mo\u017ce pom\u00f3c w dobrym samopoczuciu psychicznym. Skontaktuj si\u0119 ze mn\u0105, je\u015bli chcesz um\u00f3wi\u0107 si\u0119 na konsultacj\u0119.","og_url":"https:\/\/psycholog-online.co.uk\/en\/kontakt\/","og_site_name":"Psycholog Online","article_modified_time":"2023-12-30T12:53:06+00:00","og_image":[{"width":958,"height":856,"url":"https:\/\/psycholog-online.co.uk\/wp-content\/uploads\/2021\/07\/monika-psycholog-online-portrait-1.jpg","type":"image\/jpeg"}],"twitter_card":"summary_large_image","schema":{"@context":"https:\/\/schema.org","@graph":[{"@type":["WebPage","ContactPage"],"@id":"https:\/\/psycholog-online.co.uk\/kontakt\/","url":"https:\/\/psycholog-online.co.uk\/kontakt\/","name":"Contact MW Counseling - Online Psychologist","isPartOf":{"@id":"https:\/\/psycholog-online.co.uk\/#website"},"primaryImageOfPage":{"@id":"https:\/\/psycholog-online.co.uk\/kontakt\/#primaryimage"},"image":{"@id":"https:\/\/psycholog-online.co.uk\/kontakt\/#primaryimage"},"thumbnailUrl":"https:\/\/psycholog-online.co.uk\/wp-content\/uploads\/2021\/07\/monika-psycholog-online-portrait-1.jpg","datePublished":"2021-04-23T20:32:35+00:00","dateModified":"2023-12-30T12:53:06+00:00","description":"Talking to a psychologist can help you feel better. Contact me if you&#039;d like to schedule a consultation.","breadcrumb":{"@id":"https:\/\/psycholog-online.co.uk\/kontakt\/#breadcrumb"},"inLanguage":"en-GB","potentialAction":[{"@type":"ReadAction","target":["https:\/\/psycholog-online.co.uk\/kontakt\/"]}]},{"@type":"ImageObject","inLanguage":"en-GB","@id":"https:\/\/psycholog-online.co.uk\/kontakt\/#primaryimage","url":"https:\/\/psycholog-online.co.uk\/wp-content\/uploads\/2021\/07\/monika-psycholog-online-portrait-1.jpg","contentUrl":"https:\/\/psycholog-online.co.uk\/wp-content\/uploads\/2021\/07\/monika-psycholog-online-portrait-1.jpg","width":958,"height":856,"caption":"Polski Psycholog w Berkshire i Online | MW Counselling"},{"@type":"BreadcrumbList","@id":"https:\/\/psycholog-online.co.uk\/kontakt\/#breadcrumb","itemListElement":[{"@type":"ListItem","position":1,"name":"Home","item":"https:\/\/psycholog-online.co.uk\/"},{"@type":"ListItem","position":2,"name":"Kontakt"}]},{"@type":"WebSite","@id":"https:\/\/psycholog-online.co.uk\/#website","url":"https:\/\/psycholog-online.co.uk\/","name":"Online Psychologist","description":"An experienced Polish psychologist helping people improve their mental well-being","publisher":{"@id":"https:\/\/psycholog-online.co.uk\/#organization"},"potentialAction":[{"@type":"SearchAction","target":{"@type":"EntryPoint","urlTemplate":"https:\/\/psycholog-online.co.uk\/?s={search_term_string}"},"query-input":{"@type":"PropertyValueSpecification","valueRequired":true,"valueName":"search_term_string"}}],"inLanguage":"en-GB"},{"@type":"Organization","@id":"https:\/\/psycholog-online.co.uk\/#organization","name":"Online Psychologist","alternateName":"MW Counselling","url":"https:\/\/psycholog-online.co.uk\/","logo":{"@type":"ImageObject","inLanguage":"en-GB","@id":"https:\/\/psycholog-online.co.uk\/#\/schema\/logo\/image\/","url":"https:\/\/psycholog-online.co.uk\/wp-content\/uploads\/2021\/08\/psycholog-online-favicon.png","contentUrl":"https:\/\/psycholog-online.co.uk\/wp-content\/uploads\/2021\/08\/psycholog-online-favicon.png","width":94,"height":94,"caption":"Psycholog Online"},"image":{"@id":"https:\/\/psycholog-online.co.uk\/#\/schema\/logo\/image\/"}}]}},"publishpress_future_action":{"enabled":false,"date":"2026-04-21 23:14:52","action":"change-status","newStatus":"draft","terms":[],"taxonomy":"","extraData":[]},"publishpress_future_workflow_manual_trigger":{"enabledWorkflows":[]},"_links":{"self":[{"href":"https:\/\/psycholog-online.co.uk\/en\/wp-json\/wp\/v2\/pages\/488","targetHints":{"allow":["GET"]}}],"collection":[{"href":"https:\/\/psycholog-online.co.uk\/en\/wp-json\/wp\/v2\/pages"}],"about":[{"href":"https:\/\/psycholog-online.co.uk\/en\/wp-json\/wp\/v2\/types\/page"}],"author":[{"embeddable":true,"href":"https:\/\/psycholog-online.co.uk\/en\/wp-json\/wp\/v2\/users\/1"}],"replies":[{"embeddable":true,"href":"https:\/\/psycholog-online.co.uk\/en\/wp-json\/wp\/v2\/comments?post=488"}],"version-history":[{"count":110,"href":"https:\/\/psycholog-online.co.uk\/en\/wp-json\/wp\/v2\/pages\/488\/revisions"}],"predecessor-version":[{"id":5390,"href":"https:\/\/psycholog-online.co.uk\/en\/wp-json\/wp\/v2\/pages\/488\/revisions\/5390"}],"wp:featuredmedia":[{"embeddable":true,"href":"https:\/\/psycholog-online.co.uk\/en\/wp-json\/wp\/v2\/media\/690"}],"wp:attachment":[{"href":"https:\/\/psycholog-online.co.uk\/en\/wp-json\/wp\/v2\/media?parent=488"}],"curies":[{"name":"wp","href":"https:\/\/api.w.org\/{rel}","templated":true}]}}