{"id":520,"date":"2021-04-23T21:15:26","date_gmt":"2021-04-23T21:15:26","guid":{"rendered":"http:\/\/psycholog-online.co.uk\/?page_id=520"},"modified":"2025-11-11T20:14:16","modified_gmt":"2025-11-11T20:14:16","slug":"omnie","status":"publish","type":"page","link":"https:\/\/psycholog-online.co.uk\/en\/omnie\/","title":{"rendered":"About Me"},"content":{"rendered":"<div data-elementor-type=\"wp-page\" data-elementor-id=\"520\" class=\"elementor elementor-520\" data-elementor-settings=\"{&quot;ha_cmc_init_switcher&quot;:&quot;no&quot;}\" data-elementor-post-type=\"page\">\n\t\t\t\t\t\t<section class=\"elementor-section elementor-top-section elementor-element elementor-element-4c4dc66b elementor-section-full_width elementor-section-height-min-height elementor-section-items-stretch elementor-section-content-middle elementor-reverse-mobile elementor-reverse-tablet elementor-section-height-default\" data-id=\"4c4dc66b\" data-element_type=\"section\" data-e-type=\"section\" data-settings=\"{&quot;_ha_eqh_enable&quot;:false}\">\n\t\t\t\t\t\t<div class=\"elementor-container elementor-column-gap-no\">\n\t\t\t\t\t<div class=\"elementor-column elementor-col-50 elementor-top-column elementor-element elementor-element-343ff54f\" data-id=\"343ff54f\" data-element_type=\"column\" data-e-type=\"column\">\n\t\t\t<div class=\"elementor-widget-wrap elementor-element-populated\">\n\t\t\t\t\t\t<div class=\"elementor-element elementor-element-2be01466 animated-fast elementor-invisible elementor-widget elementor-widget-heading\" data-id=\"2be01466\" data-element_type=\"widget\" data-e-type=\"widget\" data-settings=\"{&quot;_animation&quot;:&quot;fadeIn&quot;}\" data-widget_type=\"heading.default\">\n\t\t\t\t<div class=\"elementor-widget-container\">\n\t\t\t\t\t<h1 class=\"elementor-heading-title elementor-size-default\">Monika Wi\u015bniewska<\/h1>\t\t\t\t<\/div>\n\t\t\t\t<\/div>\n\t\t\t\t<div class=\"elementor-element elementor-element-3f772c43 elementor-invisible elementor-widget elementor-widget-heading\" data-id=\"3f772c43\" data-element_type=\"widget\" data-e-type=\"widget\" data-settings=\"{&quot;_animation&quot;:&quot;fadeIn&quot;}\" data-widget_type=\"heading.default\">\n\t\t\t\t<div class=\"elementor-widget-container\">\n\t\t\t\t\t<h4 class=\"elementor-heading-title elementor-size-default\">MSc in Psychology<br>Member of the British Psychological Society<\/h4>\t\t\t\t<\/div>\n\t\t\t\t<\/div>\n\t\t\t\t<div class=\"elementor-element elementor-element-6e21824 elementor-invisible elementor-widget elementor-widget-text-editor\" data-id=\"6e21824\" data-element_type=\"widget\" data-e-type=\"widget\" data-settings=\"{&quot;_animation&quot;:&quot;fadeIn&quot;}\" data-widget_type=\"text-editor.default\">\n\t\t\t\t<div class=\"elementor-widget-container\">\n\t\t\t\t\t\t\t\t\t<p>I knew that I wanted to be a psychologist as a teenager, but I had to wait over twenty years to start studies and then practice. Only as an adult woman did I feel fully ready to accept clients. I knew that life experience was just as important as work experience.\u00a0<\/p><p>In 2020, I graduated with a degree in psychology from SWPS University in Warsaw. My work is guided primarily by the premise that the quality of care experienced in the first part of a person&#039;s life shapes their later emotional makeup. Therefore, I primarily work on relationships using a psychodynamic and systemic approach, while remembering that a person is not merely the sum of their experiences but, above all, someone with potential. This guides my work, remembering that every person possesses enormous reserves of possibilities and potential, and that sometimes we just need help to recognize this.\u00a0<\/p><p>I am currently training at a psychotherapy school and am constantly developing my skills and knowledge,\u00a0<\/p><p>From my experience working with expats, as well as from personal experience, I know that it&#039;s very easy to forget our own potential. This is often hindered by language barriers, feelings of incompetence, fear of failure and ridicule, as well as limited social support and the pressure to succeed. This often leads to more serious challenges, such as anxiety disorders, sleep disturbances, and episodes of depression. If you struggle with any of these issues, it&#039;s worth considering working through your thoughts with someone who can help you understand where they come from and how to manage them.<\/p><p>Primarily, I work with individuals struggling with relationship difficulties \u2013 whether in current relationships or after a breakup, when emotions linger. I also work with individuals when building relationships becomes difficult or even impossible. I support parents who experience difficulties in communicating with their children or their partner&#039;s children, as well as individuals living in patchwork families. I also work with adults struggling with anxiety, depression, or life crises. Individuals growing up in families with alcohol problems (ACoAs) also play a significant role in my work.<\/p><p>I do not undertake work related to sexual difficulties, experiences of sexual or domestic violence, or suicidal crisis. However, in such cases, I can offer psychological consultation and assist in referrals to appropriate specialists who will be more competent to tailor assistance.<\/p><p>Today, I live in the UK and am a member of the Polish Psychiatric Association, the Polish Psychologists&#039; Association, and the British Psychological Society. In May 2023, I opened my private psychology practice in Berkshire, where I see both children and adults on an in-person basis. I regularly supervise my work, both individually and in groups.<\/p>\t\t\t\t\t\t\t\t<\/div>\n\t\t\t\t<\/div>\n\t\t\t\t<div class=\"elementor-element elementor-element-649d2e47 elementor-view-stacked elementor-shape-square elementor-widget__width-auto elementor-absolute elementor-hidden-phone animated-slow elementor-invisible elementor-widget elementor-widget-icon\" data-id=\"649d2e47\" data-element_type=\"widget\" data-e-type=\"widget\" data-settings=\"{&quot;_position&quot;:&quot;absolute&quot;,&quot;_animation&quot;:&quot;fadeInDown&quot;,&quot;_animation_delay&quot;:&quot;500&quot;}\" data-widget_type=\"icon.default\">\n\t\t\t\t<div class=\"elementor-widget-container\">\n\t\t\t\t\t\t\t<div class=\"elementor-icon-wrapper\">\n\t\t\t<a class=\"elementor-icon\" href=\"#credentials\">\n\t\t\t<svg xmlns=\"http:\/\/www.w3.org\/2000\/svg\" id=\"f25b46f8-6104-47c9-8f1f-d4f0f5a5a4ab\" data-name=\"Layer 1\" viewbox=\"0 0 29.6836 21.0205\"><g id=\"a26fc822-5ffa-4744-a954-69ee883c57fc\" data-name=\"Page-1\"><g id=\"e7225c7b-e0fd-4e80-862e-e0b5dc4817dd\" data-name=\"Homepage\"><g id=\"ff265e74-3d0d-41f0-8578-c6f49acc811d\" data-name=\"Hero-Section\"><g id=\"f51052c6-0c6f-4c17-be34-45f176eaa2d4\" data-name=\"Arrow\"><g id=\"feb9d568-7c65-469c-be1c-4c66f6fe508c\" data-name=\"Group-4\"><g id=\"bc1b2d43-18f4-4c4a-9ddb-f8784f1f793b\" data-name=\"Group-3\"><g id=\"ebcd3d89-a5d2-4028-bcf3-30228da45525\" data-name=\"Path-5\"><polygon points=\"14.63 21.021 0 10.824 0.572 10.004 14.638 19.808 29.123 10 29.684 10.828 14.63 21.021\"><\/polygon><\/g><\/g><g id=\"b8abb5e9-6116-405e-a9bd-8494dc15aaf6\" data-name=\"Group-3-Copy\"><g id=\"b94158a1-d237-43ab-9444-47634c5b7092\" data-name=\"Path-5\"><polygon points=\"14.63 11.021 0 0.824 0.572 0.004 14.638 9.808 29.123 0 29.684 0.828 14.63 11.021\"><\/polygon><\/g><\/g><\/g><\/g><\/g><\/g><\/g><\/svg>\t\t\t<\/a>\n\t\t<\/div>\n\t\t\t\t\t\t<\/div>\n\t\t\t\t<\/div>\n\t\t\t\t\t<\/div>\n\t\t<\/div>\n\t\t\t\t<div class=\"elementor-column elementor-col-50 elementor-top-column elementor-element elementor-element-4763b368\" data-id=\"4763b368\" data-element_type=\"column\" data-e-type=\"column\" data-settings=\"{&quot;background_background&quot;:&quot;classic&quot;}\">\n\t\t\t<div class=\"elementor-widget-wrap elementor-element-populated\">\n\t\t\t\t\t\t<div class=\"elementor-element elementor-element-2919947f elementor-widget elementor-widget-spacer\" data-id=\"2919947f\" data-element_type=\"widget\" data-e-type=\"widget\" data-widget_type=\"spacer.default\">\n\t\t\t\t<div class=\"elementor-widget-container\">\n\t\t\t\t\t\t\t<div class=\"elementor-spacer\">\n\t\t\t<div class=\"elementor-spacer-inner\"><\/div>\n\t\t<\/div>\n\t\t\t\t\t\t<\/div>\n\t\t\t\t<\/div>\n\t\t\t\t\t<\/div>\n\t\t<\/div>\n\t\t\t\t\t<\/div>\n\t\t<\/section>\n\t\t\t\t<section class=\"elementor-section elementor-top-section elementor-element elementor-element-39b20c16 elementor-section-items-stretch elementor-section-content-bottom elementor-section-height-min-height elementor-section-boxed elementor-section-height-default\" data-id=\"39b20c16\" data-element_type=\"section\" data-e-type=\"section\" id=\"credentials\" data-settings=\"{&quot;_ha_eqh_enable&quot;:false}\">\n\t\t\t\t\t\t<div class=\"elementor-container elementor-column-gap-no\">\n\t\t\t\t\t<div class=\"elementor-column elementor-col-100 elementor-top-column elementor-element elementor-element-283cc3a6\" data-id=\"283cc3a6\" data-element_type=\"column\" data-e-type=\"column\" data-settings=\"{&quot;background_background&quot;:&quot;classic&quot;}\">\n\t\t\t<div class=\"elementor-widget-wrap elementor-element-populated\">\n\t\t\t\t\t\t<div class=\"elementor-element elementor-element-43d0f98c elementor-invisible elementor-widget elementor-widget-heading\" data-id=\"43d0f98c\" data-element_type=\"widget\" data-e-type=\"widget\" data-settings=\"{&quot;_animation&quot;:&quot;fadeInUp&quot;,&quot;_animation_mobile&quot;:&quot;none&quot;}\" data-widget_type=\"heading.default\">\n\t\t\t\t<div class=\"elementor-widget-container\">\n\t\t\t\t\t<h2 class=\"elementor-heading-title elementor-size-default\">Professional References<\/h2>\t\t\t\t<\/div>\n\t\t\t\t<\/div>\n\t\t\t\t<section class=\"elementor-section elementor-inner-section elementor-element elementor-element-20f41f72 elementor-section-full_width elementor-section-height-default elementor-section-height-default\" data-id=\"20f41f72\" data-element_type=\"section\" data-e-type=\"section\" data-settings=\"{&quot;_ha_eqh_enable&quot;:false}\">\n\t\t\t\t\t\t<div class=\"elementor-container elementor-column-gap-no\">\n\t\t\t\t\t<div class=\"elementor-column elementor-col-33 elementor-inner-column elementor-element elementor-element-516e4b2c animated-fast elementor-invisible\" data-id=\"516e4b2c\" data-element_type=\"column\" data-e-type=\"column\" data-settings=\"{&quot;animation&quot;:&quot;fadeIn&quot;,&quot;animation_delay&quot;:&quot;200&quot;,&quot;animation_mobile&quot;:&quot;none&quot;}\">\n\t\t\t<div class=\"elementor-widget-wrap elementor-element-populated\">\n\t\t\t\t\t\t<div class=\"elementor-element elementor-element-3e63fd14 elementor-widget elementor-widget-heading\" data-id=\"3e63fd14\" data-element_type=\"widget\" data-e-type=\"widget\" data-widget_type=\"heading.default\">\n\t\t\t\t<div class=\"elementor-widget-container\">\n\t\t\t\t\t<h3 class=\"elementor-heading-title elementor-size-default\">Education and memberships<\/h3>\t\t\t\t<\/div>\n\t\t\t\t<\/div>\n\t\t\t\t<div class=\"elementor-element elementor-element-11f90954 elementor-widget-divider--view-line elementor-widget elementor-widget-divider\" data-id=\"11f90954\" data-element_type=\"widget\" data-e-type=\"widget\" data-widget_type=\"divider.default\">\n\t\t\t\t<div class=\"elementor-widget-container\">\n\t\t\t\t\t\t\t<div class=\"elementor-divider\">\n\t\t\t<span class=\"elementor-divider-separator\">\n\t\t\t\t\t\t<\/span>\n\t\t<\/div>\n\t\t\t\t\t\t<\/div>\n\t\t\t\t<\/div>\n\t\t\t\t<div class=\"elementor-element elementor-element-6a25285e elementor-invisible elementor-widget elementor-widget-text-editor\" data-id=\"6a25285e\" data-element_type=\"widget\" data-e-type=\"widget\" data-settings=\"{&quot;_animation&quot;:&quot;fadeIn&quot;}\" data-widget_type=\"text-editor.default\">\n\t\t\t\t<div class=\"elementor-widget-container\">\n\t\t\t\t\t\t\t\t\t<ul><li>Master's degree at the Faculty of Clinical Psychology and Health (SWPS University of Social Sciences and Humanities, Warsaw, Poland)<\/li><li>Bachelor's degree at the Faculty of Pedagogy (University of Warsaw, Poland)<\/li><li>Member of the British Psychological Society (<a href=\"http:\/\/www.bps.org.uk\/\">www.bps.org.uk<\/a>)<\/li><li>Member of the Polish Psychologists&#039; Association in United Kingdom (<a href=\"http:\/\/www.polishpsychologists.org\/\">www.polishpsychologists.org<\/a>)<\/li><li>Member of the Polish Psychiatric Association<\/li><li>I am currently studying at a school of systemic psychotherapy in Poland<\/li><li>Member of the Women&#039;s Academy project (<a href=\"https:\/\/www.facebook.com\/AkademiaKobietyPPA\" target=\"_blank\" rel=\"noopener\">AcademyWomen<\/a>)<\/li><\/ul>\t\t\t\t\t\t\t\t<\/div>\n\t\t\t\t<\/div>\n\t\t\t\t\t<\/div>\n\t\t<\/div>\n\t\t\t\t<div class=\"elementor-column elementor-col-33 elementor-inner-column elementor-element elementor-element-2fde9f72 animated-fast elementor-invisible\" data-id=\"2fde9f72\" data-element_type=\"column\" data-e-type=\"column\" data-settings=\"{&quot;animation&quot;:&quot;fadeIn&quot;,&quot;animation_delay&quot;:&quot;400&quot;,&quot;animation_mobile&quot;:&quot;none&quot;}\">\n\t\t\t<div class=\"elementor-widget-wrap elementor-element-populated\">\n\t\t\t\t\t\t<div class=\"elementor-element elementor-element-71fb7055 elementor-widget elementor-widget-heading\" data-id=\"71fb7055\" data-element_type=\"widget\" data-e-type=\"widget\" data-widget_type=\"heading.default\">\n\t\t\t\t<div class=\"elementor-widget-container\">\n\t\t\t\t\t<h3 class=\"elementor-heading-title elementor-size-default\">Conferences and Workshops<\/h3>\t\t\t\t<\/div>\n\t\t\t\t<\/div>\n\t\t\t\t<div class=\"elementor-element elementor-element-7a8e2351 elementor-widget-divider--view-line elementor-widget elementor-widget-divider\" data-id=\"7a8e2351\" data-element_type=\"widget\" data-e-type=\"widget\" data-widget_type=\"divider.default\">\n\t\t\t\t<div class=\"elementor-widget-container\">\n\t\t\t\t\t\t\t<div class=\"elementor-divider\">\n\t\t\t<span class=\"elementor-divider-separator\">\n\t\t\t\t\t\t<\/span>\n\t\t<\/div>\n\t\t\t\t\t\t<\/div>\n\t\t\t\t<\/div>\n\t\t\t\t<div class=\"elementor-element elementor-element-636e9095 elementor-invisible elementor-widget elementor-widget-text-editor\" data-id=\"636e9095\" data-element_type=\"widget\" data-e-type=\"widget\" data-settings=\"{&quot;_animation&quot;:&quot;fadeIn&quot;}\" data-widget_type=\"text-editor.default\">\n\t\t\t\t<div class=\"elementor-widget-container\">\n\t\t\t\t\t\t\t\t\t<ul><li>Classification, diagnosis and treatment of processing disorders<br \/>sensory \u2013 Warsaw 2017<\/li><li>Sensory modulation \u2013 a neurobiological process from early on<br \/>childhood to old age \u2013 Warsaw 2018<\/li><li>Sensory Integration according to Jane A. Ayers \u2013 Warsaw 2018<\/li><li>Body Awareness by Michael Randolph, Laboratory<br \/>Psychoeducation Warsaw, September 2020<\/li><li>Problems with eating and selective diet in young children \u2013 PSTIS<br \/>SI Warsaw 2019<\/li><li>Understanding suicide - life is worth talking about - Polish<br \/>Suicidology Society, December 2020<\/li><li>How to work with resistance \u2013 Polish Suicidological Society<br \/>online, June 2020<\/li><li>About improving professional qualifications<br \/>psychologist and psychotherapist in Great Britain - PPA, London<br \/>February 2020<\/li><li>Therapeutic support for children and teenagers with disorders<br \/>anxiety \u2013 training, Polish Suicidological Society<br \/>March 2021<\/li><\/ul>\t\t\t\t\t\t\t\t<\/div>\n\t\t\t\t<\/div>\n\t\t\t\t\t<\/div>\n\t\t<\/div>\n\t\t\t\t<div class=\"elementor-column elementor-col-33 elementor-inner-column elementor-element elementor-element-3c1e62a1 animated-fast elementor-invisible\" data-id=\"3c1e62a1\" data-element_type=\"column\" data-e-type=\"column\" data-settings=\"{&quot;animation&quot;:&quot;fadeIn&quot;,&quot;animation_delay&quot;:&quot;600&quot;,&quot;animation_mobile&quot;:&quot;none&quot;}\">\n\t\t\t<div class=\"elementor-widget-wrap elementor-element-populated\">\n\t\t\t\t\t\t<div class=\"elementor-element elementor-element-4036faa1 elementor-widget elementor-widget-heading\" data-id=\"4036faa1\" data-element_type=\"widget\" data-e-type=\"widget\" data-widget_type=\"heading.default\">\n\t\t\t\t<div class=\"elementor-widget-container\">\n\t\t\t\t\t<h3 class=\"elementor-heading-title elementor-size-default\">Client\/Practice Experience<\/h3>\t\t\t\t<\/div>\n\t\t\t\t<\/div>\n\t\t\t\t<div class=\"elementor-element elementor-element-27dac12a elementor-widget-divider--view-line elementor-widget elementor-widget-divider\" data-id=\"27dac12a\" data-element_type=\"widget\" data-e-type=\"widget\" data-widget_type=\"divider.default\">\n\t\t\t\t<div class=\"elementor-widget-container\">\n\t\t\t\t\t\t\t<div class=\"elementor-divider\">\n\t\t\t<span class=\"elementor-divider-separator\">\n\t\t\t\t\t\t<\/span>\n\t\t<\/div>\n\t\t\t\t\t\t<\/div>\n\t\t\t\t<\/div>\n\t\t\t\t<div class=\"elementor-element elementor-element-5694f73d elementor-invisible elementor-widget elementor-widget-text-editor\" data-id=\"5694f73d\" data-element_type=\"widget\" data-e-type=\"widget\" data-settings=\"{&quot;_animation&quot;:&quot;fadeIn&quot;}\" data-widget_type=\"text-editor.default\">\n\t\t\t\t<div class=\"elementor-widget-container\">\n\t\t\t\t\t\t\t\t\t<ul><li>Psychologist in the Psychological Consultations project of the Polish Psychologists&#039; Association in the UK, where I conduct 1:1 sessions<\/li><li>Psychological and pedagogical counseling center in Warsaw (student practice) - Diagnosis of school difficulties of children and adolescents.<\/li><li><i>Resident Psychologist at the Medicare Clinic, Reading - 1:1 in-person consultations<\/i><\/li><li>Therapeutic Residential Childcare Worker in a care center for children with neurodevelopmental disorders and autism spectrum disorders, Basingstoke<\/li><\/ul>\t\t\t\t\t\t\t\t<\/div>\n\t\t\t\t<\/div>\n\t\t\t\t\t<\/div>\n\t\t<\/div>\n\t\t\t\t\t<\/div>\n\t\t<\/section>\n\t\t\t\t\t<\/div>\n\t\t<\/div>\n\t\t\t\t\t<\/div>\n\t\t<\/section>\n\t\t\t\t<\/div>","protected":false},"excerpt":{"rendered":"<p>Monika Wi\u015bniewska, MA in PsychologyMember of the British Psychological Society I knew as a teenager that I wanted to be a psychologist, but I had to wait over twenty years to start studies and then practice. Only as an adult woman did I feel fully ready to explore this path. I knew that life experience was as important as work experience. IN [\u2026]<\/p>","protected":false},"author":1,"featured_media":5467,"parent":0,"menu_order":0,"comment_status":"closed","ping_status":"closed","template":"","meta":{"footnotes":""},"class_list":["post-520","page","type-page","status-publish","has-post-thumbnail","hentry"],"yoast_head":"<!-- This site is optimized with the Yoast SEO plugin v27.4 - https:\/\/yoast.com\/product\/yoast-seo-wordpress\/ -->\n<title>Monika Wi\u015bniewska polski psycholog kwalifikacje i do\u015bwiadczenie - Psycholog Online<\/title>\n<meta name=\"description\" content=\"Jestem polskim psychologiem i pracuj\u0119 zar\u00f3wno online jak i stacjonarnie w gabinecie w Finchampstead. Zapraszam na konsultacje indywidualne.\" \/>\n<meta name=\"robots\" content=\"index, follow, max-snippet:-1, max-image-preview:large, max-video-preview:-1\" \/>\n<link rel=\"canonical\" href=\"https:\/\/psycholog-online.co.uk\/en\/omnie\/\" \/>\n<meta property=\"og:locale\" content=\"en_GB\" \/>\n<meta property=\"og:type\" content=\"article\" \/>\n<meta property=\"og:title\" content=\"Monika Wi\u015bniewska polski psycholog kwalifikacje i do\u015bwiadczenie - Psycholog Online\" \/>\n<meta property=\"og:description\" content=\"Jestem polskim psychologiem i pracuj\u0119 zar\u00f3wno online jak i stacjonarnie w gabinecie w Finchampstead. Zapraszam na konsultacje indywidualne.\" \/>\n<meta property=\"og:url\" content=\"https:\/\/psycholog-online.co.uk\/en\/omnie\/\" \/>\n<meta property=\"og:site_name\" content=\"Psycholog Online\" \/>\n<meta property=\"article:modified_time\" content=\"2025-11-11T20:14:16+00:00\" \/>\n<meta property=\"og:image\" content=\"https:\/\/psycholog-online.co.uk\/wp-content\/uploads\/2021\/04\/0ed464b8-0797-44b2-8087-c8d6044477f9.webp\" \/>\n\t<meta property=\"og:image:width\" content=\"432\" \/>\n\t<meta property=\"og:image:height\" content=\"576\" \/>\n\t<meta property=\"og:image:type\" content=\"image\/webp\" \/>\n<meta name=\"twitter:card\" content=\"summary_large_image\" \/>\n<!-- \/ Yoast SEO plugin. -->","yoast_head_json":{"title":"Monika Wi\u015bniewska Polish psychologist qualifications and experience - Psychologist Online","description":"I&#039;m a Polish psychologist who works both online and in-person in my office in Finchampstead. I invite you to individual consultations.","robots":{"index":"index","follow":"follow","max-snippet":"max-snippet:-1","max-image-preview":"max-image-preview:large","max-video-preview":"max-video-preview:-1"},"canonical":"https:\/\/psycholog-online.co.uk\/en\/omnie\/","og_locale":"en_GB","og_type":"article","og_title":"Monika Wi\u015bniewska polski psycholog kwalifikacje i do\u015bwiadczenie - Psycholog Online","og_description":"Jestem polskim psychologiem i pracuj\u0119 zar\u00f3wno online jak i stacjonarnie w gabinecie w Finchampstead. Zapraszam na konsultacje indywidualne.","og_url":"https:\/\/psycholog-online.co.uk\/en\/omnie\/","og_site_name":"Psycholog Online","article_modified_time":"2025-11-11T20:14:16+00:00","og_image":[{"width":432,"height":576,"url":"https:\/\/psycholog-online.co.uk\/wp-content\/uploads\/2021\/04\/0ed464b8-0797-44b2-8087-c8d6044477f9.webp","type":"image\/webp"}],"twitter_card":"summary_large_image","schema":{"@context":"https:\/\/schema.org","@graph":[{"@type":["WebPage","AboutPage"],"@id":"https:\/\/psycholog-online.co.uk\/omnie\/","url":"https:\/\/psycholog-online.co.uk\/omnie\/","name":"Monika Wi\u015bniewska Polish psychologist qualifications and experience - Psychologist Online","isPartOf":{"@id":"https:\/\/psycholog-online.co.uk\/#website"},"primaryImageOfPage":{"@id":"https:\/\/psycholog-online.co.uk\/omnie\/#primaryimage"},"image":{"@id":"https:\/\/psycholog-online.co.uk\/omnie\/#primaryimage"},"thumbnailUrl":"https:\/\/psycholog-online.co.uk\/wp-content\/uploads\/2021\/04\/0ed464b8-0797-44b2-8087-c8d6044477f9.webp","datePublished":"2021-04-23T21:15:26+00:00","dateModified":"2025-11-11T20:14:16+00:00","description":"I&#039;m a Polish psychologist who works both online and in-person in my office in Finchampstead. I invite you to individual consultations.","breadcrumb":{"@id":"https:\/\/psycholog-online.co.uk\/omnie\/#breadcrumb"},"inLanguage":"en-GB","potentialAction":[{"@type":"ReadAction","target":["https:\/\/psycholog-online.co.uk\/omnie\/"]}]},{"@type":"ImageObject","inLanguage":"en-GB","@id":"https:\/\/psycholog-online.co.uk\/omnie\/#primaryimage","url":"https:\/\/psycholog-online.co.uk\/wp-content\/uploads\/2021\/04\/0ed464b8-0797-44b2-8087-c8d6044477f9.webp","contentUrl":"https:\/\/psycholog-online.co.uk\/wp-content\/uploads\/2021\/04\/0ed464b8-0797-44b2-8087-c8d6044477f9.webp","width":432,"height":576,"caption":"Monika Wi\u015bniewska"},{"@type":"BreadcrumbList","@id":"https:\/\/psycholog-online.co.uk\/omnie\/#breadcrumb","itemListElement":[{"@type":"ListItem","position":1,"name":"Home","item":"https:\/\/psycholog-online.co.uk\/"},{"@type":"ListItem","position":2,"name":"O Mnie"}]},{"@type":"WebSite","@id":"https:\/\/psycholog-online.co.uk\/#website","url":"https:\/\/psycholog-online.co.uk\/","name":"Online Psychologist","description":"An experienced Polish psychologist helping people improve their mental well-being","publisher":{"@id":"https:\/\/psycholog-online.co.uk\/#organization"},"potentialAction":[{"@type":"SearchAction","target":{"@type":"EntryPoint","urlTemplate":"https:\/\/psycholog-online.co.uk\/?s={search_term_string}"},"query-input":{"@type":"PropertyValueSpecification","valueRequired":true,"valueName":"search_term_string"}}],"inLanguage":"en-GB"},{"@type":"Organization","@id":"https:\/\/psycholog-online.co.uk\/#organization","name":"Online Psychologist","alternateName":"MW Counselling","url":"https:\/\/psycholog-online.co.uk\/","logo":{"@type":"ImageObject","inLanguage":"en-GB","@id":"https:\/\/psycholog-online.co.uk\/#\/schema\/logo\/image\/","url":"https:\/\/psycholog-online.co.uk\/wp-content\/uploads\/2021\/08\/psycholog-online-favicon.png","contentUrl":"https:\/\/psycholog-online.co.uk\/wp-content\/uploads\/2021\/08\/psycholog-online-favicon.png","width":94,"height":94,"caption":"Psycholog Online"},"image":{"@id":"https:\/\/psycholog-online.co.uk\/#\/schema\/logo\/image\/"}}]}},"publishpress_future_action":{"enabled":false,"date":"2026-04-25 09:36:40","action":"change-status","newStatus":"draft","terms":[],"taxonomy":"","extraData":[]},"publishpress_future_workflow_manual_trigger":{"enabledWorkflows":[]},"_links":{"self":[{"href":"https:\/\/psycholog-online.co.uk\/en\/wp-json\/wp\/v2\/pages\/520","targetHints":{"allow":["GET"]}}],"collection":[{"href":"https:\/\/psycholog-online.co.uk\/en\/wp-json\/wp\/v2\/pages"}],"about":[{"href":"https:\/\/psycholog-online.co.uk\/en\/wp-json\/wp\/v2\/types\/page"}],"author":[{"embeddable":true,"href":"https:\/\/psycholog-online.co.uk\/en\/wp-json\/wp\/v2\/users\/1"}],"replies":[{"embeddable":true,"href":"https:\/\/psycholog-online.co.uk\/en\/wp-json\/wp\/v2\/comments?post=520"}],"version-history":[{"count":85,"href":"https:\/\/psycholog-online.co.uk\/en\/wp-json\/wp\/v2\/pages\/520\/revisions"}],"predecessor-version":[{"id":6089,"href":"https:\/\/psycholog-online.co.uk\/en\/wp-json\/wp\/v2\/pages\/520\/revisions\/6089"}],"wp:featuredmedia":[{"embeddable":true,"href":"https:\/\/psycholog-online.co.uk\/en\/wp-json\/wp\/v2\/media\/5467"}],"wp:attachment":[{"href":"https:\/\/psycholog-online.co.uk\/en\/wp-json\/wp\/v2\/media?parent=520"}],"curies":[{"name":"wp","href":"https:\/\/api.w.org\/{rel}","templated":true}]}}